{"id":1040,"date":"2013-01-21T01:25:12","date_gmt":"2013-01-20T23:25:12","guid":{"rendered":"https:\/\/kugumuzik.com\/?page_id=1040"},"modified":"2023-03-18T16:26:25","modified_gmt":"2023-03-18T13:26:25","slug":"wilh-steinberg-p-165","status":"publish","type":"page","link":"https:\/\/kugumuzik.com\/eng\/wilh-steinberg-pianos\/wilh-steinberg-p-165\/","title":{"rendered":"Wilh. Steinberg P 165"},"content":{"rendered":"<p><div class=\"fusion-fullwidth fullwidth-box fusion-builder-row-1 hundred-percent-fullwidth non-hundred-percent-height-scrolling\" style=\"--awb-border-radius-top-left:0px;--awb-border-radius-top-right:0px;--awb-border-radius-bottom-right:0px;--awb-border-radius-bottom-left:0px;--awb-overflow:visible;--awb-flex-wrap:wrap;\" ><div class=\"fusion-builder-row fusion-row\"><div class=\"fusion-layout-column fusion_builder_column fusion-builder-column-0 fusion_builder_column_1_1 1_1 fusion-one-full fusion-column-first fusion-column-last\" style=\"--awb-bg-size:cover;\"><div class=\"fusion-column-wrapper fusion-flex-column-wrapper-legacy\"><div class=\"fusion-text fusion-text-1\"><h2>Wilh. Steinberg P 165<\/h2>\n<\/div><div class=\"fusion-text fusion-text-2\" style=\"--awb-text-transform:none;\"><p style=\"text-align: justify;\">Alman FLEMMING mekanizma<br \/>\nAlman yap\u0131m\u0131 tel<br \/>\nEl yap\u0131m\u0131 alman i\u015f\u00e7ili\u011fi bas teller<br \/>\nLadin ses tahtas\u0131<br \/>\nAkort pinlerinde birinci s\u0131n\u0131f imalat<br \/>\nDonan\u0131m(hardware) prin\u00e7 ve ya krom<br \/>\nSiyah ve beyaz se\u00e7eneklerinde<br \/>\nAlmanya Eisenberg&#8217;te reglaj, d\u00fczenleme, tasar\u0131m yap\u0131lm\u0131\u015ft\u0131r<\/p>\n<p>Boyutlar\u0131 : 165 (D) \u00d7 149 (W) \u00d7 101(H)<\/p>\n<p><span style=\"color: #ff0000;\"><strong>F\u0130YAT: 22.500 \u20ac + KDV<\/strong><\/span><\/p>\n<\/div><div class=\"fusion-clearfix\"><\/div><\/div><\/div><\/div><\/div><div class=\"fusion-fullwidth fullwidth-box fusion-builder-row-2 fusion-flex-container nonhundred-percent-fullwidth non-hundred-percent-height-scrolling\" style=\"--awb-border-radius-top-left:0px;--awb-border-radius-top-right:0px;--awb-border-radius-bottom-right:0px;--awb-border-radius-bottom-left:0px;--awb-flex-wrap:wrap;\" ><div class=\"fusion-builder-row fusion-row fusion-flex-align-items-flex-start fusion-flex-content-wrap\" style=\"max-width:1248px;margin-left: calc(-4% \/ 2 );margin-right: calc(-4% \/ 2 );\"><div class=\"fusion-layout-column fusion_builder_column fusion-builder-column-1 fusion_builder_column_1_1 1_1 fusion-flex-column\" style=\"--awb-bg-size:cover;--awb-width-large:100%;--awb-margin-top-large:0px;--awb-spacing-right-large:1.92%;--awb-margin-bottom-large:20px;--awb-spacing-left-large:1.28%;--awb-width-medium:100%;--awb-spacing-right-medium:1.92%;--awb-spacing-left-medium:1.92%;--awb-width-small:100%;--awb-spacing-right-small:1.92%;--awb-spacing-left-small:1.92%;\"><div class=\"fusion-column-wrapper fusion-flex-justify-content-flex-start fusion-content-layout-column\"><div class=\"awb-gallery-wrapper awb-gallery-wrapper-1 button-span-no\"><div style=\"margin:-5px;--awb-bordersize:0px;\" class=\"fusion-gallery fusion-gallery-container fusion-grid-3 fusion-columns-total-1 fusion-gallery-layout-grid fusion-gallery-1\"><div style=\"padding:5px;\" class=\"fusion-grid-column fusion-gallery-column fusion-gallery-column-3 hover-type-none\"><div class=\"fusion-gallery-image\"><a href=\"https:\/\/kugumuzik.com\/eng\/wp-content\/uploads\/P-165-1.jpg\" rel=\"noreferrer\" data-rel=\"iLightbox[gallery_image_1]\" class=\"fusion-lightbox\" target=\"_self\"><img decoding=\"async\" src=\"https:\/\/kugumuzik.com\/eng\/wp-content\/uploads\/P-165-1.jpg\" width=\"958\" height=\"809\" alt=\"Wilh. Steinberg P 165 Kuyruklu Piyano\" title=\"Wilh. Steinberg P 165 Kuyruklu Piyano\" aria-label=\"Wilh. Steinberg P 165 Kuyruklu Piyano\" class=\"img-responsive wp-image-8647\" srcset=\"https:\/\/kugumuzik.com\/eng\/wp-content\/uploads\/P-165-1-200x169.jpg 200w, https:\/\/kugumuzik.com\/eng\/wp-content\/uploads\/P-165-1-400x338.jpg 400w, https:\/\/kugumuzik.com\/eng\/wp-content\/uploads\/P-165-1-600x507.jpg 600w, https:\/\/kugumuzik.com\/eng\/wp-content\/uploads\/P-165-1-800x676.jpg 800w, https:\/\/kugumuzik.com\/eng\/wp-content\/uploads\/P-165-1.jpg 958w\" sizes=\"(min-width: 2200px) 100vw, (min-width: 784px) 397px, (min-width: 712px) 595px, (min-width: 640px) 712px, \" \/><\/a><\/div><\/div><\/div><\/div><\/div><\/div><div class=\"fusion-layout-column fusion_builder_column fusion-builder-column-2 fusion_builder_column_1_1 1_1 fusion-flex-column\" style=\"--awb-bg-size:cover;--awb-width-large:100%;--awb-margin-top-large:0px;--awb-spacing-right-large:1.92%;--awb-margin-bottom-large:20px;--awb-spacing-left-large:1.92%;--awb-width-medium:100%;--awb-order-medium:0;--awb-spacing-right-medium:1.92%;--awb-spacing-left-medium:1.92%;--awb-width-small:100%;--awb-order-small:0;--awb-spacing-right-small:1.92%;--awb-spacing-left-small:1.92%;\"><div class=\"fusion-column-wrapper fusion-column-has-shadow fusion-flex-justify-content-flex-start fusion-content-layout-column\"><\/div><\/div><\/div><\/div><\/p>\n","protected":false},"excerpt":{"rendered":"","protected":false},"author":1,"featured_media":0,"parent":227,"menu_order":0,"comment_status":"open","ping_status":"open","template":"","meta":{"_joinchat":[],"footnotes":""},"class_list":["post-1040","page","type-page","status-publish","hentry"],"_links":{"self":[{"href":"https:\/\/kugumuzik.com\/eng\/wp-json\/wp\/v2\/pages\/1040","targetHints":{"allow":["GET"]}}],"collection":[{"href":"https:\/\/kugumuzik.com\/eng\/wp-json\/wp\/v2\/pages"}],"about":[{"href":"https:\/\/kugumuzik.com\/eng\/wp-json\/wp\/v2\/types\/page"}],"author":[{"embeddable":true,"href":"https:\/\/kugumuzik.com\/eng\/wp-json\/wp\/v2\/users\/1"}],"replies":[{"embeddable":true,"href":"https:\/\/kugumuzik.com\/eng\/wp-json\/wp\/v2\/comments?post=1040"}],"version-history":[{"count":6,"href":"https:\/\/kugumuzik.com\/eng\/wp-json\/wp\/v2\/pages\/1040\/revisions"}],"predecessor-version":[{"id":10202,"href":"https:\/\/kugumuzik.com\/eng\/wp-json\/wp\/v2\/pages\/1040\/revisions\/10202"}],"up":[{"embeddable":true,"href":"https:\/\/kugumuzik.com\/eng\/wp-json\/wp\/v2\/pages\/227"}],"wp:attachment":[{"href":"https:\/\/kugumuzik.com\/eng\/wp-json\/wp\/v2\/media?parent=1040"}],"curies":[{"name":"wp","href":"https:\/\/api.w.org\/{rel}","templated":true}]}}