{"id":1106,"date":"2013-01-22T00:04:44","date_gmt":"2013-01-21T22:04:44","guid":{"rendered":"https:\/\/kugumuzik.com\/?page_id=1106"},"modified":"2023-07-07T18:23:46","modified_gmt":"2023-07-07T15:23:46","slug":"p-118","status":"publish","type":"page","link":"https:\/\/kugumuzik.com\/eng\/wilh-steinberg-pianos\/p-118\/","title":{"rendered":"Wilh. Steinberg P 118"},"content":{"rendered":"<div class=\"fusion-fullwidth fullwidth-box fusion-builder-row-1 hundred-percent-fullwidth non-hundred-percent-height-scrolling\" style=\"--awb-border-radius-top-left:0px;--awb-border-radius-top-right:0px;--awb-border-radius-bottom-right:0px;--awb-border-radius-bottom-left:0px;--awb-overflow:visible;--awb-flex-wrap:wrap;\" ><div class=\"fusion-builder-row fusion-row\"><div class=\"fusion-layout-column fusion_builder_column fusion-builder-column-0 fusion_builder_column_2_3 2_3 fusion-two-third fusion-column-first\" style=\"--awb-bg-size:cover;width:65.3333%; margin-right: 4%;\"><div class=\"fusion-column-wrapper fusion-flex-column-wrapper-legacy\"><div class=\"fusion-text fusion-text-1\"><h2>Wilh. Steinberg P 118<\/h2>\n<\/div><div class=\"fusion-text fusion-text-2\"><p>TEKN\u0130K B\u0130LG\u0130:<\/p>\n<ul>\n<li>Tasar\u0131m ve yeniden ayar (tuning-voicing-regulation &#8230;.) Almanya.<\/li>\n<li>Flemming mekanizma (Made in germany)<\/li>\n<li>ABEL \u00e7eki\u00e7ler (Made in Germany)<\/li>\n<li>El yap\u0131m\u0131 Bass teller ve di\u011fer teller\u00a0 en kaliteli Alman yap\u0131m\u0131<\/li>\n<li>Ayar- akort pimleri 1. s\u0131n\u0131f Alman yap\u0131m\u0131<\/li>\n<li>Kluge Keyboard<\/li>\n<li>K\u0131z\u0131l kay\u0131n 22 kat pinblok<\/li>\n<li>Ladin Keyboard<\/li>\n<\/ul>\n<p><span style=\"color: #ff0000;\"><strong> \u00a0 \u00a0 \u00a0F\u0130YAT: <\/strong><\/span><\/p>\n<p><span style=\"color: #ff0000;\"><strong><span style=\"color: #000000;\">Siyah Renk i\u00e7in:<\/span> 8.500 \u20ac + KDV<\/strong><\/span><\/p>\n<p><span style=\"color: #ff0000;\">Beyaz Renk \u0130\u00e7in:<\/span> 9.000-\u20ac+KDV<\/p>\n<\/div><div class=\"fusion-image-element in-legacy-container\" style=\"--awb-caption-title-font-family:var(--h2_typography-font-family);--awb-caption-title-font-weight:var(--h2_typography-font-weight);--awb-caption-title-font-style:var(--h2_typography-font-style);--awb-caption-title-size:var(--h2_typography-font-size);--awb-caption-title-transform:var(--h2_typography-text-transform);--awb-caption-title-line-height:var(--h2_typography-line-height);--awb-caption-title-letter-spacing:var(--h2_typography-letter-spacing);\"><span class=\" fusion-imageframe imageframe-none imageframe-1 hover-type-none\"><img decoding=\"async\" width=\"300\" height=\"300\" alt=\"Wilh. Steinberg P 118 Piano\" title=\"Wilh. Steinberg P 118\" src=\"https:\/\/piyano.kugumuzik.com\/wp-content\/uploads\/Steinberg2-300x300.jpg\" class=\"img-responsive wp-image-7096\" srcset=\"https:\/\/kugumuzik.com\/eng\/wp-content\/uploads\/Steinberg2-200x200.jpg 200w, https:\/\/kugumuzik.com\/eng\/wp-content\/uploads\/Steinberg2-400x400.jpg 400w, https:\/\/kugumuzik.com\/eng\/wp-content\/uploads\/Steinberg2-600x600.jpg 600w, https:\/\/kugumuzik.com\/eng\/wp-content\/uploads\/Steinberg2.jpg 640w\" sizes=\"(max-width: 800px) 100vw, 300px\" \/><\/span><\/div><div class=\"fusion-clearfix\"><\/div><\/div><\/div><div class=\"fusion-layout-column fusion_builder_column fusion-builder-column-1 fusion_builder_column_1_3 1_3 fusion-one-third fusion-column-last\" style=\"--awb-bg-size:cover;width:30.6666%;\"><div class=\"fusion-column-wrapper fusion-flex-column-wrapper-legacy\"><div class=\"fusion-image-element in-legacy-container\" style=\"--awb-caption-title-font-family:var(--h2_typography-font-family);--awb-caption-title-font-weight:var(--h2_typography-font-weight);--awb-caption-title-font-style:var(--h2_typography-font-style);--awb-caption-title-size:var(--h2_typography-font-size);--awb-caption-title-transform:var(--h2_typography-text-transform);--awb-caption-title-line-height:var(--h2_typography-line-height);--awb-caption-title-letter-spacing:var(--h2_typography-letter-spacing);\"><span class=\" fusion-imageframe imageframe-none imageframe-2 hover-type-none\"><img decoding=\"async\" width=\"300\" height=\"200\" alt=\"Wilh. Steinberg P 118 Piano\" title=\"Wilh. Steinberg P 118 Piyano\" src=\"https:\/\/piyano.kugumuzik.com\/wp-content\/uploads\/P-118-Black-300x200.jpg\" class=\"img-responsive wp-image-6691\" srcset=\"https:\/\/kugumuzik.com\/eng\/wp-content\/uploads\/P-118-Black-200x133.jpg 200w, https:\/\/kugumuzik.com\/eng\/wp-content\/uploads\/P-118-Black-400x267.jpg 400w, https:\/\/kugumuzik.com\/eng\/wp-content\/uploads\/P-118-Black.jpg 600w\" sizes=\"(max-width: 800px) 100vw, 400px\" \/><\/span><\/div><div class=\"fusion-image-element in-legacy-container\" style=\"--awb-caption-title-font-family:var(--h2_typography-font-family);--awb-caption-title-font-weight:var(--h2_typography-font-weight);--awb-caption-title-font-style:var(--h2_typography-font-style);--awb-caption-title-size:var(--h2_typography-font-size);--awb-caption-title-transform:var(--h2_typography-text-transform);--awb-caption-title-line-height:var(--h2_typography-line-height);--awb-caption-title-letter-spacing:var(--h2_typography-letter-spacing);\"><span class=\" fusion-imageframe imageframe-none imageframe-3 hover-type-none\"><img decoding=\"async\" width=\"300\" height=\"239\" alt=\"Wilh. Steinberg P 118 Piano\" title=\"Wilh. Steinberg P118 Beyaz\" src=\"https:\/\/piyano.kugumuzik.com\/wp-content\/uploads\/Wilh.-Steinberg-P118-Beyaz-300x239.jpg\" class=\"img-responsive wp-image-7094\" srcset=\"https:\/\/kugumuzik.com\/eng\/wp-content\/uploads\/Wilh.-Steinberg-P118-Beyaz-200x160.jpg 200w, https:\/\/kugumuzik.com\/eng\/wp-content\/uploads\/Wilh.-Steinberg-P118-Beyaz-400x319.jpg 400w, https:\/\/kugumuzik.com\/eng\/wp-content\/uploads\/Wilh.-Steinberg-P118-Beyaz-600x479.jpg 600w, https:\/\/kugumuzik.com\/eng\/wp-content\/uploads\/Wilh.-Steinberg-P118-Beyaz-800x639.jpg 800w, https:\/\/kugumuzik.com\/eng\/wp-content\/uploads\/Wilh.-Steinberg-P118-Beyaz.jpg 902w\" sizes=\"(max-width: 800px) 100vw, 400px\" \/><\/span><\/div><div class=\"fusion-clearfix\"><\/div><\/div><\/div><\/div><\/div>\n","protected":false},"excerpt":{"rendered":"","protected":false},"author":1,"featured_media":0,"parent":227,"menu_order":0,"comment_status":"open","ping_status":"open","template":"","meta":{"_joinchat":[],"footnotes":""},"class_list":["post-1106","page","type-page","status-publish","hentry"],"_links":{"self":[{"href":"https:\/\/kugumuzik.com\/eng\/wp-json\/wp\/v2\/pages\/1106","targetHints":{"allow":["GET"]}}],"collection":[{"href":"https:\/\/kugumuzik.com\/eng\/wp-json\/wp\/v2\/pages"}],"about":[{"href":"https:\/\/kugumuzik.com\/eng\/wp-json\/wp\/v2\/types\/page"}],"author":[{"embeddable":true,"href":"https:\/\/kugumuzik.com\/eng\/wp-json\/wp\/v2\/users\/1"}],"replies":[{"embeddable":true,"href":"https:\/\/kugumuzik.com\/eng\/wp-json\/wp\/v2\/comments?post=1106"}],"version-history":[{"count":9,"href":"https:\/\/kugumuzik.com\/eng\/wp-json\/wp\/v2\/pages\/1106\/revisions"}],"predecessor-version":[{"id":10724,"href":"https:\/\/kugumuzik.com\/eng\/wp-json\/wp\/v2\/pages\/1106\/revisions\/10724"}],"up":[{"embeddable":true,"href":"https:\/\/kugumuzik.com\/eng\/wp-json\/wp\/v2\/pages\/227"}],"wp:attachment":[{"href":"https:\/\/kugumuzik.com\/eng\/wp-json\/wp\/v2\/media?parent=1106"}],"curies":[{"name":"wp","href":"https:\/\/api.w.org\/{rel}","templated":true}]}}