{"id":1109,"date":"2013-01-22T00:05:57","date_gmt":"2013-01-21T22:05:57","guid":{"rendered":"https:\/\/kugumuzik.com\/?page_id=1109"},"modified":"2023-03-31T15:15:29","modified_gmt":"2023-03-31T12:15:29","slug":"p-121","status":"publish","type":"page","link":"https:\/\/kugumuzik.com\/eng\/wilh-steinberg-pianos\/p-121\/","title":{"rendered":"Wilh. Steinberg P 121"},"content":{"rendered":"<div class=\"fusion-fullwidth fullwidth-box fusion-builder-row-1 hundred-percent-fullwidth non-hundred-percent-height-scrolling\" style=\"--awb-border-radius-top-left:0px;--awb-border-radius-top-right:0px;--awb-border-radius-bottom-right:0px;--awb-border-radius-bottom-left:0px;--awb-overflow:visible;--awb-flex-wrap:wrap;\" ><div class=\"fusion-builder-row fusion-row\"><div class=\"fusion-layout-column fusion_builder_column fusion-builder-column-0 fusion_builder_column_2_3 2_3 fusion-two-third fusion-column-first\" style=\"--awb-bg-size:cover;width:65.3333%; margin-right: 4%;\"><div class=\"fusion-column-wrapper fusion-flex-column-wrapper-legacy\"><div class=\"fusion-text fusion-text-1\"><h3>Wilh. Steinberg P 121<\/h3>\n<\/div><div class=\"fusion-text fusion-text-2\"><p id=\"tw-target-text\" class=\"tw-data-text tw-text-large tw-ta\" dir=\"ltr\" data-placeholder=\"\u00c7eviri\"><span class=\"Y2IQFc\" lang=\"tr\">Se\u00e7ilen FLEMMING eylemi Birinci s\u0131n\u0131f \u00e7eki\u00e7ler. En iyi, en saf kesme ke\u00e7elerinden Almanya&#8217;da \u00fcretilen ABEL \u00e7eki\u00e7li Model 125E Almanya&#8217;da \u00fcretilen birinci s\u0131n\u0131f Alman \u00fcretiminden teller Alman premium \u00fcretiminden el yap\u0131m\u0131 bas telleri Birinci s\u0131n\u0131f \u00fcretimden ayar pimleri Net, renkli ve son derece \u00e7ok y\u00f6nl\u00fc bir ses elde etmek i\u00e7in onaylanm\u0131\u015f en y\u00fcksek y\u00fcksek s\u0131n\u0131f standartlar\u0131ndan sonra yap\u0131lm\u0131\u015f l\u00fcks desteklere sahip da\u011f ladininden ses yans\u0131t\u0131c\u0131s\u0131 Se\u00e7ili klavyeler Eisenberg&#8217;de l\u00fcks yeniden \u00e7al\u0131\u015fma<\/span><\/p>\n<p><span style=\"color: #ff0000;\"><strong>F\u0130YAT: 9.000 \u20ac + KDV<\/strong><\/span><\/p>\n<\/div><div class=\"fusion-clearfix\"><\/div><\/div><\/div><div class=\"fusion-layout-column fusion_builder_column fusion-builder-column-1 fusion_builder_column_1_3 1_3 fusion-one-third fusion-column-last\" style=\"--awb-bg-size:cover;width:30.6666%;\"><div class=\"fusion-column-wrapper fusion-flex-column-wrapper-legacy\"><div class=\"fusion-image-element in-legacy-container\" style=\"--awb-caption-title-font-family:var(--h2_typography-font-family);--awb-caption-title-font-weight:var(--h2_typography-font-weight);--awb-caption-title-font-style:var(--h2_typography-font-style);--awb-caption-title-size:var(--h2_typography-font-size);--awb-caption-title-transform:var(--h2_typography-text-transform);--awb-caption-title-line-height:var(--h2_typography-line-height);--awb-caption-title-letter-spacing:var(--h2_typography-letter-spacing);\"><span class=\" fusion-imageframe imageframe-none imageframe-1 hover-type-none\"><img decoding=\"async\" width=\"300\" height=\"200\" alt=\"Wilh. Steinberg P 121 Piano\" title=\"Wilh. Steinberg P 121 Piyano\" src=\"https:\/\/piyano.kugumuzik.com\/wp-content\/uploads\/p121-300x200.jpg\" class=\"img-responsive wp-image-6692\" srcset=\"https:\/\/kugumuzik.com\/eng\/wp-content\/uploads\/p121-200x133.jpg 200w, https:\/\/kugumuzik.com\/eng\/wp-content\/uploads\/p121-400x267.jpg 400w, https:\/\/kugumuzik.com\/eng\/wp-content\/uploads\/p121.jpg 600w\" sizes=\"(max-width: 800px) 100vw, 400px\" \/><\/span><\/div><div class=\"fusion-clearfix\"><\/div><\/div><\/div><\/div><\/div>\n","protected":false},"excerpt":{"rendered":"","protected":false},"author":1,"featured_media":0,"parent":227,"menu_order":0,"comment_status":"open","ping_status":"open","template":"","meta":{"_joinchat":[],"footnotes":""},"class_list":["post-1109","page","type-page","status-publish","hentry"],"_links":{"self":[{"href":"https:\/\/kugumuzik.com\/eng\/wp-json\/wp\/v2\/pages\/1109","targetHints":{"allow":["GET"]}}],"collection":[{"href":"https:\/\/kugumuzik.com\/eng\/wp-json\/wp\/v2\/pages"}],"about":[{"href":"https:\/\/kugumuzik.com\/eng\/wp-json\/wp\/v2\/types\/page"}],"author":[{"embeddable":true,"href":"https:\/\/kugumuzik.com\/eng\/wp-json\/wp\/v2\/users\/1"}],"replies":[{"embeddable":true,"href":"https:\/\/kugumuzik.com\/eng\/wp-json\/wp\/v2\/comments?post=1109"}],"version-history":[{"count":5,"href":"https:\/\/kugumuzik.com\/eng\/wp-json\/wp\/v2\/pages\/1109\/revisions"}],"predecessor-version":[{"id":10480,"href":"https:\/\/kugumuzik.com\/eng\/wp-json\/wp\/v2\/pages\/1109\/revisions\/10480"}],"up":[{"embeddable":true,"href":"https:\/\/kugumuzik.com\/eng\/wp-json\/wp\/v2\/pages\/227"}],"wp:attachment":[{"href":"https:\/\/kugumuzik.com\/eng\/wp-json\/wp\/v2\/media?parent=1109"}],"curies":[{"name":"wp","href":"https:\/\/api.w.org\/{rel}","templated":true}]}}