{"id":11264,"date":"2024-08-13T16:06:51","date_gmt":"2024-08-13T13:06:51","guid":{"rendered":"https:\/\/kugumuzik.com\/?page_id=11264"},"modified":"2024-10-18T15:07:08","modified_gmt":"2024-10-18T12:07:08","slug":"palatino-piyano","status":"publish","type":"page","link":"https:\/\/kugumuzik.com\/eng\/palatino-piyano\/","title":{"rendered":"Palatino Piyano"},"content":{"rendered":"<p><div class=\"fusion-fullwidth fullwidth-box fusion-builder-row-1 fusion-flex-container has-pattern-background has-mask-background nonhundred-percent-fullwidth non-hundred-percent-height-scrolling\" style=\"--awb-border-radius-top-left:0px;--awb-border-radius-top-right:0px;--awb-border-radius-bottom-right:0px;--awb-border-radius-bottom-left:0px;--awb-flex-wrap:wrap;\" ><div class=\"fusion-builder-row fusion-row fusion-flex-align-items-flex-start fusion-flex-content-wrap\" style=\"max-width:1248px;margin-left: calc(-4% \/ 2 );margin-right: calc(-4% \/ 2 );\"><div class=\"fusion-layout-column fusion_builder_column fusion-builder-column-0 fusion_builder_column_1_1 1_1 fusion-flex-column\" style=\"--awb-bg-size:cover;--awb-width-large:100%;--awb-margin-top-large:0px;--awb-spacing-right-large:1.92%;--awb-margin-bottom-large:20px;--awb-spacing-left-large:1.92%;--awb-width-medium:100%;--awb-order-medium:0;--awb-spacing-right-medium:1.92%;--awb-spacing-left-medium:1.92%;--awb-width-small:100%;--awb-order-small:0;--awb-spacing-right-small:1.92%;--awb-spacing-left-small:1.92%;\"><div class=\"fusion-column-wrapper fusion-column-has-shadow fusion-flex-justify-content-flex-start fusion-content-layout-column\"><div class=\"fusion-text fusion-text-1\"><h1>Palatino Piyanolar\u0131<\/h1>\n<p>Amerikan markas\u0131 olarak \u00fcretilen Palatino Piyanolar\u0131 \u015fa\u015f\u0131rt\u0131c\u0131 bir kalite sunmaktad\u0131r.<\/p>\n<p>Palatino Piyanolar\u0131, genellikle uygun fiyatl\u0131 ve giri\u015f seviyesi i\u00e7in ideal se\u00e7enekler sunan bir piyano markas\u0131d\u0131r. Palatino piyanolar\u0131, sa\u011flam yap\u0131lar\u0131 ve kabul edilebilir ses kaliteleriyle bilinir, bu nedenle \u00f6zellikle yeni ba\u015flayanlar, konservatuvar \u00f6\u011frencileri ve b\u00fct\u00e7e dostu bir enstr\u00fcman arayanlar i\u00e7in tercih edilebilir.<\/p>\n<p>Genel olarak Palatino piyanolar\u0131, iyi bir bak\u0131m ile uzun s\u00fcre dayanabilecek ve tatmin edici bir performans sunabilecek enstr\u00fcmanlard\u0131r.<\/p>\n<p>Bu piyanolar genellikle m\u00fczik e\u011fitimi veren okullar, \u00f6\u011frenci d\u00fczeyinde piyanistler ve evde \u00e7almak isteyen amat\u00f6rler taraf\u0131ndan tercih edilir.<\/p>\n<\/div><\/div><\/div><\/div><\/div><div class=\"fusion-fullwidth fullwidth-box fusion-builder-row-2 fusion-flex-container has-pattern-background has-mask-background nonhundred-percent-fullwidth non-hundred-percent-height-scrolling\" style=\"--awb-border-radius-top-left:0px;--awb-border-radius-top-right:0px;--awb-border-radius-bottom-right:0px;--awb-border-radius-bottom-left:0px;--awb-flex-wrap:wrap;\" ><div class=\"fusion-builder-row fusion-row fusion-flex-align-items-flex-start fusion-flex-content-wrap\" style=\"max-width:1248px;margin-left: calc(-4% \/ 2 );margin-right: calc(-4% \/ 2 );\"><div class=\"fusion-layout-column fusion_builder_column fusion-builder-column-1 fusion_builder_column_1_2 1_2 fusion-flex-column\" style=\"--awb-bg-size:cover;--awb-width-large:50%;--awb-margin-top-large:0px;--awb-spacing-right-large:3.84%;--awb-margin-bottom-large:20px;--awb-spacing-left-large:3.84%;--awb-width-medium:100%;--awb-order-medium:0;--awb-spacing-right-medium:1.92%;--awb-spacing-left-medium:1.92%;--awb-width-small:100%;--awb-order-small:0;--awb-spacing-right-small:1.92%;--awb-spacing-left-small:1.92%;\"><div class=\"fusion-column-wrapper fusion-column-has-shadow fusion-flex-justify-content-flex-start fusion-content-layout-column\"><div class=\"fusion-text fusion-text-2\"><p>Palatino PD 188 Kuyruklu Piyano<\/p>\n<div><b>Kuyruklu Piyano &#8211; Palatino\u00a0 <\/b><\/div>\n<div><b><span style=\"color: #ff0000;\">Fiyat\u0131: 27.500-$+KDV<\/span><\/b><\/div>\n<div><\/div>\n<div>102cm x 149.5cm x 188cm<\/div>\n<div>\n<ul>\n<li>\u00a0Ladin Ses tahtas\u0131<\/li>\n<li><b>\u00a0Alman<\/b> yap\u0131m\u0131 \u0130\u00e7 Par\u00e7alar\u0131<\/li>\n<li>\u00a011 Ladin Kaburga<\/li>\n<li>\u00a0Sert Ak\u00e7aa\u011fa\u00e7 K\u00f6pr\u00fcler<\/li>\n<li>\u00a0Nikel Kaplama \u00c7elik Bas\u0131n\u00e7 Bar\u0131<\/li>\n<li>\u00a0Kum D\u00f6k\u00fcm \u0130skelet<\/li>\n<li>\u00a0Y\u00fcksek Kalite, \u00c7eki\u00e7ler Ke\u00e7e<\/li>\n<li>G\u00fc\u00e7lendirilmi\u015f ve T-Pinned<\/li>\n<li>\u00a0Prin\u00e7 tekerler<\/li>\n<li>\u00a0Prin\u00e7 Donan\u0131m<\/li>\n<li>\u00a0Mapes telleri (ABD) \/<\/li>\n<li>Roslau telleri (Almanya)<\/li>\n<li>Yava\u015f Kapanan tu\u015fe kapa\u011f\u0131<\/li>\n<li>\u00a0Sandalye dahildir<\/li>\n<\/ul>\n<p>AMER\u0130KAN MARKASI<\/p>\n<\/div>\n<\/div><\/div><\/div><div class=\"fusion-layout-column fusion_builder_column fusion-builder-column-2 fusion_builder_column_1_2 1_2 fusion-flex-column\" style=\"--awb-bg-size:cover;--awb-width-large:50%;--awb-margin-top-large:0px;--awb-spacing-right-large:3.84%;--awb-margin-bottom-large:20px;--awb-spacing-left-large:3.84%;--awb-width-medium:100%;--awb-order-medium:0;--awb-spacing-right-medium:1.92%;--awb-spacing-left-medium:1.92%;--awb-width-small:100%;--awb-order-small:0;--awb-spacing-right-small:1.92%;--awb-spacing-left-small:1.92%;\"><div class=\"fusion-column-wrapper fusion-column-has-shadow fusion-flex-justify-content-flex-start fusion-content-layout-column\"><div class=\"fusion-text fusion-text-3\">\n\t\t<style type=\"text\/css\">\n\t\t\t#gallery-1 {\n\t\t\t\tmargin: auto;\n\t\t\t}\n\t\t\t#gallery-1 .gallery-item {\n\t\t\t\tfloat: left;\n\t\t\t\tmargin-top: 10px;\n\t\t\t\ttext-align: center;\n\t\t\t\twidth: 50%;\n\t\t\t}\n\t\t\t#gallery-1 img {\n\t\t\t\tborder: 2px solid #cfcfcf;\n\t\t\t}\n\t\t\t#gallery-1 .gallery-caption {\n\t\t\t\tmargin-left: 0;\n\t\t\t}\n\t\t\t\/* see gallery_shortcode() in wp-includes\/media.php *\/\n\t\t<\/style>\n\t\t<div id='gallery-1' class='gallery galleryid-11264 gallery-columns-2 gallery-size-medium'><dl class='gallery-item'>\n\t\t\t<dt class='gallery-icon portrait'>\n\t\t\t\t<a data-rel=\"iLightbox[postimages]\" data-title=\"Palatino PD162 Kuyruklu P\u0130yano (6)\" data-caption=\"Palatino Kuyruklu Piyano\" href='https:\/\/kugumuzik.com\/eng\/palatino-piyano\/palatino-pd162-kuyruklu-piyano-6\/'><img decoding=\"async\" width=\"167\" height=\"300\" src=\"https:\/\/kugumuzik.com\/eng\/wp-content\/uploads\/Palatino-PD162-Kuyruklu-PIyano-6-167x300.jpg\" class=\"attachment-medium size-medium\" alt=\"\" aria-describedby=\"gallery-1-11287\" srcset=\"https:\/\/kugumuzik.com\/eng\/wp-content\/uploads\/Palatino-PD162-Kuyruklu-PIyano-6-167x300.jpg 167w, https:\/\/kugumuzik.com\/eng\/wp-content\/uploads\/Palatino-PD162-Kuyruklu-PIyano-6-200x359.jpg 200w, https:\/\/kugumuzik.com\/eng\/wp-content\/uploads\/Palatino-PD162-Kuyruklu-PIyano-6-400x718.jpg 400w, https:\/\/kugumuzik.com\/eng\/wp-content\/uploads\/Palatino-PD162-Kuyruklu-PIyano-6-570x1024.jpg 570w, https:\/\/kugumuzik.com\/eng\/wp-content\/uploads\/Palatino-PD162-Kuyruklu-PIyano-6-600x1078.jpg 600w, https:\/\/kugumuzik.com\/eng\/wp-content\/uploads\/Palatino-PD162-Kuyruklu-PIyano-6-768x1379.jpg 768w, https:\/\/kugumuzik.com\/eng\/wp-content\/uploads\/Palatino-PD162-Kuyruklu-PIyano-6-800x1437.jpg 800w, https:\/\/kugumuzik.com\/eng\/wp-content\/uploads\/Palatino-PD162-Kuyruklu-PIyano-6-855x1536.jpg 855w, https:\/\/kugumuzik.com\/eng\/wp-content\/uploads\/Palatino-PD162-Kuyruklu-PIyano-6-1140x2048.jpg 1140w, https:\/\/kugumuzik.com\/eng\/wp-content\/uploads\/Palatino-PD162-Kuyruklu-PIyano-6-1200x2155.jpg 1200w, https:\/\/kugumuzik.com\/eng\/wp-content\/uploads\/Palatino-PD162-Kuyruklu-PIyano-6-scaled.jpg 1425w\" sizes=\"(max-width: 167px) 100vw, 167px\" \/><\/a>\n\t\t\t<\/dt>\n\t\t\t\t<dd class='wp-caption-text gallery-caption' id='gallery-1-11287'>\n\t\t\t\tPalatino Kuyruklu Piyano\n\t\t\t\t<\/dd><\/dl><dl class='gallery-item'>\n\t\t\t<dt class='gallery-icon portrait'>\n\t\t\t\t<a data-rel=\"iLightbox[postimages]\" data-title=\"Palatino PD162 Kuyruklu P\u0130yano (4)\" data-caption=\"Palatino Kuyruklu Piyano\" href='https:\/\/kugumuzik.com\/eng\/palatino-piyano\/palatino-pd162-kuyruklu-piyano-4\/'><img decoding=\"async\" width=\"234\" height=\"300\" src=\"https:\/\/kugumuzik.com\/eng\/wp-content\/uploads\/Palatino-PD162-Kuyruklu-PIyano-4-234x300.jpg\" class=\"attachment-medium size-medium\" alt=\"\" aria-describedby=\"gallery-1-11285\" srcset=\"https:\/\/kugumuzik.com\/eng\/wp-content\/uploads\/Palatino-PD162-Kuyruklu-PIyano-4-200x256.jpg 200w, https:\/\/kugumuzik.com\/eng\/wp-content\/uploads\/Palatino-PD162-Kuyruklu-PIyano-4-234x300.jpg 234w, https:\/\/kugumuzik.com\/eng\/wp-content\/uploads\/Palatino-PD162-Kuyruklu-PIyano-4-400x512.jpg 400w, https:\/\/kugumuzik.com\/eng\/wp-content\/uploads\/Palatino-PD162-Kuyruklu-PIyano-4-600x768.jpg 600w, https:\/\/kugumuzik.com\/eng\/wp-content\/uploads\/Palatino-PD162-Kuyruklu-PIyano-4-768x983.jpg 768w, https:\/\/kugumuzik.com\/eng\/wp-content\/uploads\/Palatino-PD162-Kuyruklu-PIyano-4-800x1024.jpg 800w, https:\/\/kugumuzik.com\/eng\/wp-content\/uploads\/Palatino-PD162-Kuyruklu-PIyano-4-1200x1536.jpg 1200w, https:\/\/kugumuzik.com\/eng\/wp-content\/uploads\/Palatino-PD162-Kuyruklu-PIyano-4-1600x2048.jpg 1600w\" sizes=\"(max-width: 234px) 100vw, 234px\" \/><\/a>\n\t\t\t<\/dt>\n\t\t\t\t<dd class='wp-caption-text gallery-caption' id='gallery-1-11285'>\n\t\t\t\tPalatino Kuyruklu Piyano\n\t\t\t\t<\/dd><\/dl><br style=\"clear: both\" \/><dl class='gallery-item'>\n\t\t\t<dt class='gallery-icon portrait'>\n\t\t\t\t<a data-rel=\"iLightbox[postimages]\" data-title=\"Palatino PD162Grand Piano\" data-caption=\"Palatino Grand\" href='https:\/\/kugumuzik.com\/eng\/palatino-piyano\/palatino-pd162-kuyruklu-piyano-3\/'><img decoding=\"async\" width=\"263\" height=\"300\" src=\"https:\/\/kugumuzik.com\/eng\/wp-content\/uploads\/Palatino-PD162-Kuyruklu-PIyano-3-263x300.jpg\" class=\"attachment-medium size-medium\" alt=\"Palatino Grand Piano\" aria-describedby=\"gallery-1-11284\" srcset=\"https:\/\/kugumuzik.com\/eng\/wp-content\/uploads\/Palatino-PD162-Kuyruklu-PIyano-3-200x228.jpg 200w, https:\/\/kugumuzik.com\/eng\/wp-content\/uploads\/Palatino-PD162-Kuyruklu-PIyano-3-263x300.jpg 263w, https:\/\/kugumuzik.com\/eng\/wp-content\/uploads\/Palatino-PD162-Kuyruklu-PIyano-3-400x457.jpg 400w, https:\/\/kugumuzik.com\/eng\/wp-content\/uploads\/Palatino-PD162-Kuyruklu-PIyano-3-600x685.jpg 600w, https:\/\/kugumuzik.com\/eng\/wp-content\/uploads\/Palatino-PD162-Kuyruklu-PIyano-3-768x877.jpg 768w, https:\/\/kugumuzik.com\/eng\/wp-content\/uploads\/Palatino-PD162-Kuyruklu-PIyano-3-800x914.jpg 800w, https:\/\/kugumuzik.com\/eng\/wp-content\/uploads\/Palatino-PD162-Kuyruklu-PIyano-3-896x1024.jpg 896w, https:\/\/kugumuzik.com\/eng\/wp-content\/uploads\/Palatino-PD162-Kuyruklu-PIyano-3-1200x1371.jpg 1200w, https:\/\/kugumuzik.com\/eng\/wp-content\/uploads\/Palatino-PD162-Kuyruklu-PIyano-3-1345x1536.jpg 1345w, https:\/\/kugumuzik.com\/eng\/wp-content\/uploads\/Palatino-PD162-Kuyruklu-PIyano-3-1793x2048.jpg 1793w\" sizes=\"(max-width: 263px) 100vw, 263px\" \/><\/a>\n\t\t\t<\/dt>\n\t\t\t\t<dd class='wp-caption-text gallery-caption' id='gallery-1-11284'>\n\t\t\t\tPalatino Grand\n\t\t\t\t<\/dd><\/dl>\n\t\t\t<br style='clear: both' \/>\n\t\t<\/div>\n\n<\/div><\/div><\/div><\/div><\/div><div class=\"fusion-fullwidth fullwidth-box fusion-builder-row-3 fusion-flex-container has-pattern-background has-mask-background nonhundred-percent-fullwidth non-hundred-percent-height-scrolling\" style=\"--awb-border-radius-top-left:0px;--awb-border-radius-top-right:0px;--awb-border-radius-bottom-right:0px;--awb-border-radius-bottom-left:0px;--awb-flex-wrap:wrap;\" ><div class=\"fusion-builder-row fusion-row fusion-flex-align-items-flex-start fusion-flex-content-wrap\" style=\"max-width:1248px;margin-left: calc(-4% \/ 2 );margin-right: calc(-4% \/ 2 );\"><div class=\"fusion-layout-column fusion_builder_column fusion-builder-column-3 fusion_builder_column_1_1 1_1 fusion-flex-column\" style=\"--awb-bg-size:cover;--awb-width-large:100%;--awb-margin-top-large:0px;--awb-spacing-right-large:1.92%;--awb-margin-bottom-large:20px;--awb-spacing-left-large:1.92%;--awb-width-medium:100%;--awb-order-medium:0;--awb-spacing-right-medium:1.92%;--awb-spacing-left-medium:1.92%;--awb-width-small:100%;--awb-order-small:0;--awb-spacing-right-small:1.92%;--awb-spacing-left-small:1.92%;\"><div class=\"fusion-column-wrapper fusion-column-has-shadow fusion-flex-justify-content-flex-start fusion-content-layout-column\"><div class=\"fusion-separator fusion-full-width-sep\" style=\"align-self: center;margin-left: auto;margin-right: auto;width:100%;\"><div class=\"fusion-separator-border sep-double\" style=\"--awb-height:20px;--awb-amount:20px;border-color:#e0dede;border-top-width:1px;border-bottom-width:1px;\"><\/div><\/div><\/div><\/div><\/div><\/div><div class=\"fusion-fullwidth fullwidth-box fusion-builder-row-4 fusion-flex-container has-pattern-background has-mask-background nonhundred-percent-fullwidth non-hundred-percent-height-scrolling\" style=\"--awb-border-radius-top-left:0px;--awb-border-radius-top-right:0px;--awb-border-radius-bottom-right:0px;--awb-border-radius-bottom-left:0px;--awb-flex-wrap:wrap;\" ><div class=\"fusion-builder-row fusion-row fusion-flex-align-items-flex-start fusion-flex-content-wrap\" style=\"max-width:1248px;margin-left: calc(-4% \/ 2 );margin-right: calc(-4% \/ 2 );\"><div class=\"fusion-layout-column fusion_builder_column fusion-builder-column-4 fusion_builder_column_1_2 1_2 fusion-flex-column\" style=\"--awb-bg-size:cover;--awb-width-large:50%;--awb-margin-top-large:0px;--awb-spacing-right-large:3.84%;--awb-margin-bottom-large:20px;--awb-spacing-left-large:3.84%;--awb-width-medium:100%;--awb-order-medium:0;--awb-spacing-right-medium:1.92%;--awb-spacing-left-medium:1.92%;--awb-width-small:100%;--awb-order-small:0;--awb-spacing-right-small:1.92%;--awb-spacing-left-small:1.92%;\"><div class=\"fusion-column-wrapper fusion-column-has-shadow fusion-flex-justify-content-flex-start fusion-content-layout-column\"><div class=\"fusion-text fusion-text-4\"><p>Palatino PD 152 Kuyruklu Piyano<\/p>\n<div><b>Kuyruklu Piyano &#8211; Palatino\u00a0 <\/b><\/div>\n<div><b><span style=\"color: #ff0000;\">Fiyat\u0131: 18.500-\u20ac+KDV<\/span><\/b><\/div>\n<div><span style=\"color: #0000ff;\">SATILDI<\/span><\/div>\n<div>100 cm x 149 cm x 152cm<\/div>\n<div>\n<ul>\n<li>\u00a0Ladin Ses tahtas\u0131<\/li>\n<li><b>\u00a0Alman<\/b>\u00a0Tarz \u0130\u00e7 Par\u00e7alar\u0131<\/li>\n<li>\u00a011 Ladin Kaburga<\/li>\n<li>\u00a0Hard Rock Ak\u00e7aa\u011fa\u00e7 K\u00f6pr\u00fcler<\/li>\n<li>\u00a0Nikel Kaplama \u00c7elik Bas\u0131n\u00e7 Bar\u0131<\/li>\n<li>\u00a0Kum D\u00f6k\u00fcm \u0130skelet<\/li>\n<li>\u00a0Y\u00fcksek Kalite, \u00c7eki\u00e7ler Ke\u00e7e<\/li>\n<li>G\u00fc\u00e7lendirilmi\u015f ve T-Pinned<\/li>\n<li>\u00a0Prin\u00e7 tekerler,\u00a0\u00a0Prin\u00e7 Donan\u0131m<\/li>\n<li>Roslau telleri (Almanya)<\/li>\n<li>\u00a0Pirin\u00e7 Kick Plaka<\/li>\n<li>Yava\u015f Kapanan tu\u015fe kapa\u011f\u0131<\/li>\n<li>\u00a0Sandalye dahildir<\/li>\n<\/ul>\n<p>AMER\u0130KAN MARKASI<\/p>\n<\/div>\n<\/div><\/div><\/div><div class=\"fusion-layout-column fusion_builder_column fusion-builder-column-5 fusion_builder_column_1_2 1_2 fusion-flex-column\" style=\"--awb-bg-size:cover;--awb-width-large:50%;--awb-margin-top-large:0px;--awb-spacing-right-large:3.84%;--awb-margin-bottom-large:20px;--awb-spacing-left-large:3.84%;--awb-width-medium:100%;--awb-order-medium:0;--awb-spacing-right-medium:1.92%;--awb-spacing-left-medium:1.92%;--awb-width-small:100%;--awb-order-small:0;--awb-spacing-right-small:1.92%;--awb-spacing-left-small:1.92%;\"><div class=\"fusion-column-wrapper fusion-column-has-shadow fusion-flex-justify-content-flex-start fusion-content-layout-column\"><div class=\"fusion-text fusion-text-5\">\n\t\t<style type=\"text\/css\">\n\t\t\t#gallery-2 {\n\t\t\t\tmargin: auto;\n\t\t\t}\n\t\t\t#gallery-2 .gallery-item {\n\t\t\t\tfloat: left;\n\t\t\t\tmargin-top: 10px;\n\t\t\t\ttext-align: center;\n\t\t\t\twidth: 50%;\n\t\t\t}\n\t\t\t#gallery-2 img {\n\t\t\t\tborder: 2px solid #cfcfcf;\n\t\t\t}\n\t\t\t#gallery-2 .gallery-caption {\n\t\t\t\tmargin-left: 0;\n\t\t\t}\n\t\t\t\/* see gallery_shortcode() in wp-includes\/media.php *\/\n\t\t<\/style>\n\t\t<div id='gallery-2' class='gallery galleryid-11264 gallery-columns-2 gallery-size-medium'><dl class='gallery-item'>\n\t\t\t<dt class='gallery-icon portrait'>\n\t\t\t\t<a data-rel=\"iLightbox[postimages]\" data-title=\"Palatino PD152 Kuyruklu P\u0130yano (2)\" data-caption=\"\" href='https:\/\/kugumuzik.com\/eng\/palatino-piyano\/palatino-pd152-kuyruklu-piyano-2\/'><img decoding=\"async\" width=\"246\" height=\"300\" src=\"https:\/\/kugumuzik.com\/eng\/wp-content\/uploads\/Palatino-PD152-Kuyruklu-PIyano-2-246x300.jpg\" class=\"attachment-medium size-medium\" alt=\"\" srcset=\"https:\/\/kugumuzik.com\/eng\/wp-content\/uploads\/Palatino-PD152-Kuyruklu-PIyano-2-200x244.jpg 200w, https:\/\/kugumuzik.com\/eng\/wp-content\/uploads\/Palatino-PD152-Kuyruklu-PIyano-2-246x300.jpg 246w, https:\/\/kugumuzik.com\/eng\/wp-content\/uploads\/Palatino-PD152-Kuyruklu-PIyano-2-400x488.jpg 400w, https:\/\/kugumuzik.com\/eng\/wp-content\/uploads\/Palatino-PD152-Kuyruklu-PIyano-2-600x732.jpg 600w, https:\/\/kugumuzik.com\/eng\/wp-content\/uploads\/Palatino-PD152-Kuyruklu-PIyano-2-768x936.jpg 768w, https:\/\/kugumuzik.com\/eng\/wp-content\/uploads\/Palatino-PD152-Kuyruklu-PIyano-2-800x975.jpg 800w, https:\/\/kugumuzik.com\/eng\/wp-content\/uploads\/Palatino-PD152-Kuyruklu-PIyano-2-840x1024.jpg 840w, https:\/\/kugumuzik.com\/eng\/wp-content\/uploads\/Palatino-PD152-Kuyruklu-PIyano-2-1200x1463.jpg 1200w, https:\/\/kugumuzik.com\/eng\/wp-content\/uploads\/Palatino-PD152-Kuyruklu-PIyano-2-1260x1536.jpg 1260w, https:\/\/kugumuzik.com\/eng\/wp-content\/uploads\/Palatino-PD152-Kuyruklu-PIyano-2-1680x2048.jpg 1680w\" sizes=\"(max-width: 246px) 100vw, 246px\" \/><\/a>\n\t\t\t<\/dt><\/dl><dl class='gallery-item'>\n\t\t\t<dt class='gallery-icon portrait'>\n\t\t\t\t<a data-rel=\"iLightbox[postimages]\" data-title=\"Palatino PD152 Kuyruklu P\u0130yano (3)\" data-caption=\"\" href='https:\/\/kugumuzik.com\/eng\/palatino-piyano\/palatino-pd152-kuyruklu-piyano-3\/'><img decoding=\"async\" width=\"211\" height=\"300\" src=\"https:\/\/kugumuzik.com\/eng\/wp-content\/uploads\/Palatino-PD152-Kuyruklu-PIyano-3-211x300.jpg\" class=\"attachment-medium size-medium\" alt=\"\" srcset=\"https:\/\/kugumuzik.com\/eng\/wp-content\/uploads\/Palatino-PD152-Kuyruklu-PIyano-3-200x284.jpg 200w, https:\/\/kugumuzik.com\/eng\/wp-content\/uploads\/Palatino-PD152-Kuyruklu-PIyano-3-211x300.jpg 211w, https:\/\/kugumuzik.com\/eng\/wp-content\/uploads\/Palatino-PD152-Kuyruklu-PIyano-3-400x568.jpg 400w, https:\/\/kugumuzik.com\/eng\/wp-content\/uploads\/Palatino-PD152-Kuyruklu-PIyano-3-600x852.jpg 600w, https:\/\/kugumuzik.com\/eng\/wp-content\/uploads\/Palatino-PD152-Kuyruklu-PIyano-3-721x1024.jpg 721w, https:\/\/kugumuzik.com\/eng\/wp-content\/uploads\/Palatino-PD152-Kuyruklu-PIyano-3-768x1091.jpg 768w, https:\/\/kugumuzik.com\/eng\/wp-content\/uploads\/Palatino-PD152-Kuyruklu-PIyano-3-800x1136.jpg 800w, https:\/\/kugumuzik.com\/eng\/wp-content\/uploads\/Palatino-PD152-Kuyruklu-PIyano-3-1081x1536.jpg 1081w, https:\/\/kugumuzik.com\/eng\/wp-content\/uploads\/Palatino-PD152-Kuyruklu-PIyano-3-1200x1704.jpg 1200w, https:\/\/kugumuzik.com\/eng\/wp-content\/uploads\/Palatino-PD152-Kuyruklu-PIyano-3-1442x2048.jpg 1442w, https:\/\/kugumuzik.com\/eng\/wp-content\/uploads\/Palatino-PD152-Kuyruklu-PIyano-3-scaled.jpg 1802w\" sizes=\"(max-width: 211px) 100vw, 211px\" \/><\/a>\n\t\t\t<\/dt><\/dl><br style=\"clear: both\" \/>\n\t\t<\/div>\n\n<\/div><\/div><\/div><\/div><\/div><\/p>\n","protected":false},"excerpt":{"rendered":"","protected":false},"author":3,"featured_media":0,"parent":0,"menu_order":0,"comment_status":"closed","ping_status":"closed","template":"","meta":{"_joinchat":[],"footnotes":""},"class_list":["post-11264","page","type-page","status-publish","hentry"],"_links":{"self":[{"href":"https:\/\/kugumuzik.com\/eng\/wp-json\/wp\/v2\/pages\/11264","targetHints":{"allow":["GET"]}}],"collection":[{"href":"https:\/\/kugumuzik.com\/eng\/wp-json\/wp\/v2\/pages"}],"about":[{"href":"https:\/\/kugumuzik.com\/eng\/wp-json\/wp\/v2\/types\/page"}],"author":[{"embeddable":true,"href":"https:\/\/kugumuzik.com\/eng\/wp-json\/wp\/v2\/users\/3"}],"replies":[{"embeddable":true,"href":"https:\/\/kugumuzik.com\/eng\/wp-json\/wp\/v2\/comments?post=11264"}],"version-history":[{"count":13,"href":"https:\/\/kugumuzik.com\/eng\/wp-json\/wp\/v2\/pages\/11264\/revisions"}],"predecessor-version":[{"id":11373,"href":"https:\/\/kugumuzik.com\/eng\/wp-json\/wp\/v2\/pages\/11264\/revisions\/11373"}],"wp:attachment":[{"href":"https:\/\/kugumuzik.com\/eng\/wp-json\/wp\/v2\/media?parent=11264"}],"curies":[{"name":"wp","href":"https:\/\/api.w.org\/{rel}","templated":true}]}}