{"id":2384,"date":"2015-01-31T13:24:32","date_gmt":"2015-01-31T11:24:32","guid":{"rendered":"https:\/\/kugumuzik.com\/?page_id=2384"},"modified":"2024-08-29T12:12:52","modified_gmt":"2024-08-29T09:12:52","slug":"model-170-studio-grand-piano","status":"publish","type":"page","link":"https:\/\/kugumuzik.com\/eng\/august-forster\/model-170-studio-grand-piano\/","title":{"rendered":"Model 170 &#8211; Studio Grand Piano"},"content":{"rendered":"<div class=\"fusion-fullwidth fullwidth-box fusion-builder-row-1 hundred-percent-fullwidth non-hundred-percent-height-scrolling\" style=\"--awb-border-radius-top-left:0px;--awb-border-radius-top-right:0px;--awb-border-radius-bottom-right:0px;--awb-border-radius-bottom-left:0px;--awb-overflow:visible;--awb-flex-wrap:wrap;\" ><div class=\"fusion-builder-row fusion-row\"><div class=\"fusion-layout-column fusion_builder_column fusion-builder-column-0 fusion_builder_column_2_3 2_3 fusion-two-third fusion-column-first\" style=\"--awb-bg-size:cover;width:65.3333%; margin-right: 4%;\"><div class=\"fusion-column-wrapper fusion-flex-column-wrapper-legacy\"><div class=\"fusion-text fusion-text-1\"><h2><a href=\"https:\/\/kugumuzik.com\/august-forster\/\">August F\u00d6RSTER<\/a><\/h2>\n<h2>Model 170 &#8211; Studio Grand Piano<\/h2>\n<p><span style=\"color: #ff0000;\"><strong>F\u0130YAT: 50.600- \u20ac + KDV<\/strong><\/span><\/p>\n<h3><strong>\u00a0Genel \u00d6zellikleri:<\/strong><\/h3>\n<p><strong>Ses tahtas\u0131 : <\/strong>\u0130nce ve konturlu masif ladinden yap\u0131lm\u0131\u015f ses tahtas\u0131<\/p>\n<p><strong>Demir d\u00f6k\u00fcm-Frame :<\/strong>Kay\u0131n a\u011fac\u0131 \u00e7er\u00e7eve, ladin kiri\u015flerle yap\u0131lm\u0131\u015ft\u0131r.<\/p>\n<p><strong>K\u00f6pr\u00fcler :<\/strong>Sert ak\u00e7aa\u011fa\u00e7<\/p>\n<p><strong>Plate-Plaka :<\/strong>Geneleksel yava\u015fve kum d\u00f6k\u00fcm y\u00f6ntemiyle yap\u0131lm\u0131\u015ft\u0131r. Saf demir.<\/p>\n<p><strong>Mekanizma : <\/strong>Renner mekanizma<\/p>\n<p><strong>\u00c7eki\u00e7ler :<\/strong>Renner \u00e7eki\u00e7<\/p>\n<p><strong>Tu\u015flar :<\/strong>Tek tek dengeli ve a\u011f\u0131rl\u0131kl\u0131 ladin tu\u015flar<\/p>\n<p><strong>Pin Blok \u00a0:<\/strong> 19 kat , lamine\u00a0 kay\u0131n<\/p>\n<p><strong>Akort \u00c7ivileri :<\/strong>Alman \u201cDiamant\u201d akort pinleri,<\/p>\n<p><strong>Teller \u00a0:<\/strong>\u201cR\u00f6slau\u201d tel<\/p>\n<p><strong>Di\u011fer \u00f6zellikler<\/strong><\/p>\n<ul>\n<li>Siyah abanoz tu\u015flar<\/li>\n<li>Demir kilitli ayaklar<\/li>\n<li>Kat\u0131 pirin\u00e7 tekerler<\/li>\n<li>Tam Sostenuto<\/li>\n<\/ul>\n<\/div><div class=\"fusion-text fusion-text-2\" style=\"--awb-text-transform:none;\">\n\t\t<style type=\"text\/css\">\n\t\t\t#gallery-1 {\n\t\t\t\tmargin: auto;\n\t\t\t}\n\t\t\t#gallery-1 .gallery-item {\n\t\t\t\tfloat: left;\n\t\t\t\tmargin-top: 10px;\n\t\t\t\ttext-align: center;\n\t\t\t\twidth: 33%;\n\t\t\t}\n\t\t\t#gallery-1 img {\n\t\t\t\tborder: 2px solid #cfcfcf;\n\t\t\t}\n\t\t\t#gallery-1 .gallery-caption {\n\t\t\t\tmargin-left: 0;\n\t\t\t}\n\t\t\t\/* see gallery_shortcode() in wp-includes\/media.php *\/\n\t\t<\/style>\n\t\t<div id='gallery-1' class='gallery galleryid-2384 gallery-columns-3 gallery-size-thumbnail'><dl class='gallery-item'>\n\t\t\t<dt class='gallery-icon landscape'>\n\t\t\t\t<a data-rel=\"iLightbox[postimages]\" data-title=\"Model170_3\" data-caption=\"Model 170 - Studio Grand Piano\" href='https:\/\/kugumuzik.com\/eng\/wp-content\/uploads\/Model170_3.png'><img decoding=\"async\" width=\"150\" height=\"150\" src=\"https:\/\/kugumuzik.com\/eng\/wp-content\/uploads\/Model170_3-150x150.png\" class=\"attachment-thumbnail size-thumbnail\" alt=\"Model 170 - Studio Grand Piano\" aria-describedby=\"gallery-1-2387\" srcset=\"https:\/\/kugumuzik.com\/eng\/wp-content\/uploads\/Model170_3-66x66.png 66w, https:\/\/kugumuzik.com\/eng\/wp-content\/uploads\/Model170_3-150x150.png 150w, https:\/\/kugumuzik.com\/eng\/wp-content\/uploads\/Model170_3-177x177.png 177w, https:\/\/kugumuzik.com\/eng\/wp-content\/uploads\/Model170_3-200x200.png 200w, https:\/\/kugumuzik.com\/eng\/wp-content\/uploads\/Model170_3-300x300.png 300w, https:\/\/kugumuzik.com\/eng\/wp-content\/uploads\/Model170_3-320x320.png 320w, https:\/\/kugumuzik.com\/eng\/wp-content\/uploads\/Model170_3-400x400.png 400w, https:\/\/kugumuzik.com\/eng\/wp-content\/uploads\/Model170_3-460x460.png 460w, https:\/\/kugumuzik.com\/eng\/wp-content\/uploads\/Model170_3-540x540.png 540w, https:\/\/kugumuzik.com\/eng\/wp-content\/uploads\/Model170_3.png 600w\" sizes=\"(max-width: 150px) 100vw, 150px\" \/><\/a>\n\t\t\t<\/dt>\n\t\t\t\t<dd class='wp-caption-text gallery-caption' id='gallery-1-2387'>\n\t\t\t\tModel 170 &#8211; Studio Grand Piano\n\t\t\t\t<\/dd><\/dl><dl class='gallery-item'>\n\t\t\t<dt class='gallery-icon landscape'>\n\t\t\t\t<a data-rel=\"iLightbox[postimages]\" data-title=\"Model170_2\" data-caption=\"Model 170 - Studio Grand Piano\" href='https:\/\/kugumuzik.com\/eng\/wp-content\/uploads\/Model170_2.png'><img decoding=\"async\" width=\"150\" height=\"150\" src=\"https:\/\/kugumuzik.com\/eng\/wp-content\/uploads\/Model170_2-150x150.png\" class=\"attachment-thumbnail size-thumbnail\" alt=\"Model 170 - Studio Grand Piano\" aria-describedby=\"gallery-1-2386\" srcset=\"https:\/\/kugumuzik.com\/eng\/wp-content\/uploads\/Model170_2-66x66.png 66w, https:\/\/kugumuzik.com\/eng\/wp-content\/uploads\/Model170_2-150x150.png 150w, https:\/\/kugumuzik.com\/eng\/wp-content\/uploads\/Model170_2-177x177.png 177w, https:\/\/kugumuzik.com\/eng\/wp-content\/uploads\/Model170_2-200x200.png 200w, https:\/\/kugumuzik.com\/eng\/wp-content\/uploads\/Model170_2-300x300.png 300w, https:\/\/kugumuzik.com\/eng\/wp-content\/uploads\/Model170_2-320x320.png 320w, https:\/\/kugumuzik.com\/eng\/wp-content\/uploads\/Model170_2-400x400.png 400w, https:\/\/kugumuzik.com\/eng\/wp-content\/uploads\/Model170_2-460x460.png 460w, https:\/\/kugumuzik.com\/eng\/wp-content\/uploads\/Model170_2-540x540.png 540w, https:\/\/kugumuzik.com\/eng\/wp-content\/uploads\/Model170_2.png 600w\" sizes=\"(max-width: 150px) 100vw, 150px\" \/><\/a>\n\t\t\t<\/dt>\n\t\t\t\t<dd class='wp-caption-text gallery-caption' id='gallery-1-2386'>\n\t\t\t\tModel 170 &#8211; Studio Grand Piano\n\t\t\t\t<\/dd><\/dl><dl class='gallery-item'>\n\t\t\t<dt class='gallery-icon landscape'>\n\t\t\t\t<a data-rel=\"iLightbox[postimages]\" data-title=\"Model170_1\" data-caption=\"Model 170 - Studio Grand Piano\" href='https:\/\/kugumuzik.com\/eng\/wp-content\/uploads\/Model170_1.png'><img decoding=\"async\" width=\"150\" height=\"150\" src=\"https:\/\/kugumuzik.com\/eng\/wp-content\/uploads\/Model170_1-150x150.png\" class=\"attachment-thumbnail size-thumbnail\" alt=\"Model 170 - Studio Grand Piano\" aria-describedby=\"gallery-1-2385\" srcset=\"https:\/\/kugumuzik.com\/eng\/wp-content\/uploads\/Model170_1-66x66.png 66w, https:\/\/kugumuzik.com\/eng\/wp-content\/uploads\/Model170_1-150x150.png 150w, https:\/\/kugumuzik.com\/eng\/wp-content\/uploads\/Model170_1-177x177.png 177w, https:\/\/kugumuzik.com\/eng\/wp-content\/uploads\/Model170_1-200x200.png 200w, https:\/\/kugumuzik.com\/eng\/wp-content\/uploads\/Model170_1-300x300.png 300w, https:\/\/kugumuzik.com\/eng\/wp-content\/uploads\/Model170_1-320x320.png 320w, https:\/\/kugumuzik.com\/eng\/wp-content\/uploads\/Model170_1-400x400.png 400w, https:\/\/kugumuzik.com\/eng\/wp-content\/uploads\/Model170_1-460x460.png 460w, https:\/\/kugumuzik.com\/eng\/wp-content\/uploads\/Model170_1-540x540.png 540w, https:\/\/kugumuzik.com\/eng\/wp-content\/uploads\/Model170_1.png 600w\" sizes=\"(max-width: 150px) 100vw, 150px\" \/><\/a>\n\t\t\t<\/dt>\n\t\t\t\t<dd class='wp-caption-text gallery-caption' id='gallery-1-2385'>\n\t\t\t\tModel 170 &#8211; Studio Grand Piano\n\t\t\t\t<\/dd><\/dl><br style=\"clear: both\" \/>\n\t\t<\/div>\n\n<\/div><div class=\"fusion-clearfix\"><\/div><\/div><\/div><\/div><\/div>\n","protected":false},"excerpt":{"rendered":"","protected":false},"author":1,"featured_media":0,"parent":1840,"menu_order":0,"comment_status":"closed","ping_status":"open","template":"","meta":{"_joinchat":[],"footnotes":""},"class_list":["post-2384","page","type-page","status-publish","hentry"],"_links":{"self":[{"href":"https:\/\/kugumuzik.com\/eng\/wp-json\/wp\/v2\/pages\/2384","targetHints":{"allow":["GET"]}}],"collection":[{"href":"https:\/\/kugumuzik.com\/eng\/wp-json\/wp\/v2\/pages"}],"about":[{"href":"https:\/\/kugumuzik.com\/eng\/wp-json\/wp\/v2\/types\/page"}],"author":[{"embeddable":true,"href":"https:\/\/kugumuzik.com\/eng\/wp-json\/wp\/v2\/users\/1"}],"replies":[{"embeddable":true,"href":"https:\/\/kugumuzik.com\/eng\/wp-json\/wp\/v2\/comments?post=2384"}],"version-history":[{"count":6,"href":"https:\/\/kugumuzik.com\/eng\/wp-json\/wp\/v2\/pages\/2384\/revisions"}],"predecessor-version":[{"id":11310,"href":"https:\/\/kugumuzik.com\/eng\/wp-json\/wp\/v2\/pages\/2384\/revisions\/11310"}],"up":[{"embeddable":true,"href":"https:\/\/kugumuzik.com\/eng\/wp-json\/wp\/v2\/pages\/1840"}],"wp:attachment":[{"href":"https:\/\/kugumuzik.com\/eng\/wp-json\/wp\/v2\/media?parent=2384"}],"curies":[{"name":"wp","href":"https:\/\/api.w.org\/{rel}","templated":true}]}}