{"id":2405,"date":"2015-01-31T14:26:34","date_gmt":"2015-01-31T12:26:34","guid":{"rendered":"https:\/\/kugumuzik.com\/?page_id=2405"},"modified":"2024-08-29T12:15:49","modified_gmt":"2024-08-29T09:15:49","slug":"model-215-grand-piano-master-class","status":"publish","type":"page","link":"https:\/\/kugumuzik.com\/eng\/august-forster\/model-215-grand-piano-master-class\/","title":{"rendered":"Model 215 &#8211; Grand Piano Master Class"},"content":{"rendered":"<div class=\"fusion-fullwidth fullwidth-box fusion-builder-row-1 nonhundred-percent-fullwidth non-hundred-percent-height-scrolling\" style=\"--awb-border-radius-top-left:0px;--awb-border-radius-top-right:0px;--awb-border-radius-bottom-right:0px;--awb-border-radius-bottom-left:0px;--awb-flex-wrap:wrap;\" ><div class=\"fusion-builder-row fusion-row\"><div class=\"fusion-layout-column fusion_builder_column fusion-builder-column-0 fusion_builder_column_1_1 1_1 fusion-one-full fusion-column-first fusion-column-last\" style=\"--awb-bg-size:cover;--awb-margin-bottom:0px;\"><div class=\"fusion-column-wrapper fusion-flex-column-wrapper-legacy\"><div class=\"fusion-text fusion-text-1\">\n\t\t<style type=\"text\/css\">\n\t\t\t#gallery-1 {\n\t\t\t\tmargin: auto;\n\t\t\t}\n\t\t\t#gallery-1 .gallery-item {\n\t\t\t\tfloat: left;\n\t\t\t\tmargin-top: 10px;\n\t\t\t\ttext-align: center;\n\t\t\t\twidth: 33%;\n\t\t\t}\n\t\t\t#gallery-1 img {\n\t\t\t\tborder: 2px solid #cfcfcf;\n\t\t\t}\n\t\t\t#gallery-1 .gallery-caption {\n\t\t\t\tmargin-left: 0;\n\t\t\t}\n\t\t\t\/* see gallery_shortcode() in wp-includes\/media.php *\/\n\t\t<\/style>\n\t\t<div id='gallery-1' class='gallery galleryid-2405 gallery-columns-3 gallery-size-thumbnail'><dl class='gallery-item'>\n\t\t\t<dt class='gallery-icon landscape'>\n\t\t\t\t<a data-rel=\"iLightbox[postimages]\" data-title=\"August F\u00f6rster Model 215\" data-caption=\"August F\u00f6rster Piyano Model 215\" href='https:\/\/kugumuzik.com\/eng\/august-forster\/model-215-grand-piano-master-class\/august-forster-215-schwarz-poliert\/'><img decoding=\"async\" width=\"150\" height=\"150\" src=\"https:\/\/kugumuzik.com\/eng\/wp-content\/uploads\/August-F\u00f6rster-215-Schwarz-poliert-150x150.jpg\" class=\"attachment-thumbnail size-thumbnail\" alt=\"August F\u00f6rster Piano Model 215\" aria-describedby=\"gallery-1-6019\" srcset=\"https:\/\/kugumuzik.com\/eng\/wp-content\/uploads\/August-F\u00f6rster-215-Schwarz-poliert-66x66.jpg 66w, https:\/\/kugumuzik.com\/eng\/wp-content\/uploads\/August-F\u00f6rster-215-Schwarz-poliert-150x150.jpg 150w, https:\/\/kugumuzik.com\/eng\/wp-content\/uploads\/August-F\u00f6rster-215-Schwarz-poliert-177x177.jpg 177w, https:\/\/kugumuzik.com\/eng\/wp-content\/uploads\/August-F\u00f6rster-215-Schwarz-poliert-200x200.jpg 200w, https:\/\/kugumuzik.com\/eng\/wp-content\/uploads\/August-F\u00f6rster-215-Schwarz-poliert-300x300.jpg 300w, https:\/\/kugumuzik.com\/eng\/wp-content\/uploads\/August-F\u00f6rster-215-Schwarz-poliert-320x320.jpg 320w, https:\/\/kugumuzik.com\/eng\/wp-content\/uploads\/August-F\u00f6rster-215-Schwarz-poliert-400x400.jpg 400w, https:\/\/kugumuzik.com\/eng\/wp-content\/uploads\/August-F\u00f6rster-215-Schwarz-poliert-460x460.jpg 460w, https:\/\/kugumuzik.com\/eng\/wp-content\/uploads\/August-F\u00f6rster-215-Schwarz-poliert-540x540.jpg 540w, https:\/\/kugumuzik.com\/eng\/wp-content\/uploads\/August-F\u00f6rster-215-Schwarz-poliert-600x600.jpg 600w, https:\/\/kugumuzik.com\/eng\/wp-content\/uploads\/August-F\u00f6rster-215-Schwarz-poliert-669x669.jpg 669w, https:\/\/kugumuzik.com\/eng\/wp-content\/uploads\/August-F\u00f6rster-215-Schwarz-poliert-700x700.jpg 700w, https:\/\/kugumuzik.com\/eng\/wp-content\/uploads\/August-F\u00f6rster-215-Schwarz-poliert-768x768.jpg 768w, https:\/\/kugumuzik.com\/eng\/wp-content\/uploads\/August-F\u00f6rster-215-Schwarz-poliert-800x800.jpg 800w, https:\/\/kugumuzik.com\/eng\/wp-content\/uploads\/August-F\u00f6rster-215-Schwarz-poliert-940x940.jpg 940w, https:\/\/kugumuzik.com\/eng\/wp-content\/uploads\/August-F\u00f6rster-215-Schwarz-poliert-1024x1024.jpg 1024w, https:\/\/kugumuzik.com\/eng\/wp-content\/uploads\/August-F\u00f6rster-215-Schwarz-poliert-1200x1200.jpg 1200w, https:\/\/kugumuzik.com\/eng\/wp-content\/uploads\/August-F\u00f6rster-215-Schwarz-poliert-1536x1536.jpg 1536w\" sizes=\"(max-width: 150px) 100vw, 150px\" \/><\/a>\n\t\t\t<\/dt>\n\t\t\t\t<dd class='wp-caption-text gallery-caption' id='gallery-1-6019'>\n\t\t\t\tAugust F\u00f6rster Piyano Model 215\n\t\t\t\t<\/dd><\/dl>\n\t\t\t<br style='clear: both' \/>\n\t\t<\/div>\n\n<\/div><div class=\"fusion-text fusion-text-2\"><h2><a href=\"https:\/\/kugumuzik.com\/august-forster\/\">August F\u00d6RSTER<\/a><\/h2>\n<h1>Model 215 &#8211; Grand Piano Master Class<\/h1>\n<p><span style=\"color: #ff0000;\"><strong>F\u0130YAT: 76.400 -\u20ac + KDV<\/strong><\/span><\/p>\n<p><strong>\u00a0<\/strong><\/p>\n<p><strong>Ses tahtas\u0131 \u00a0:<\/strong> \u0130nce ve konturlu masif ladinden yap\u0131lm\u0131\u015f ses tahtas\u0131<\/p>\n<p><strong>Demir d\u00f6k\u00fcm-Frame : <\/strong>Kay\u0131n a\u011fac\u0131 \u00e7er\u00e7eve, ladin kiri\u015flerle yap\u0131lm\u0131\u015ft\u0131r.<\/p>\n<p><strong>K\u00f6pr\u00fcler : <\/strong>Sert ak\u00e7aa\u011fa\u00e7<\/p>\n<p><strong>Plate-Plaka : <\/strong>Geleneksel yava\u015f ve kum d\u00f6k\u00fcm y\u00f6ntemiyle yap\u0131lm\u0131\u015ft\u0131r. Saf demir.<\/p>\n<p><strong>Mekanizma : <\/strong>Renner mekanizma<\/p>\n<p><strong>\u00c7eki\u00e7ler : <\/strong>Renner \u00e7eki\u00e7<\/p>\n<p><strong>Tu\u015flar : <\/strong>Tek tek dengeli ve a\u011f\u0131rl\u0131kl\u0131 ladin tu\u015flar<\/p>\n<p><strong>Pin Blok :<\/strong> 19 kat , lamine\u00a0 kay\u0131n<\/p>\n<p><strong>Akort pinleri : <\/strong>Alman \u201cDiamant\u201d akort pinleri,<\/p>\n<p><strong>Teller : <\/strong>\u201cR\u00f6slau\u201d tel<\/p>\n<p><strong>Di\u011fer \u00f6zellikler<\/strong><\/p>\n<ul>\n<li>Siyah abanoz tu\u015flar<\/li>\n<li>Demir kilitli ayaklar<\/li>\n<li>Kat\u0131 pirin\u00e7 tekerler<\/li>\n<li>Tam Sostenuto<\/li>\n<\/ul>\n<\/div><div class=\"fusion-clearfix\"><\/div><\/div><\/div><div class=\"fusion-layout-column fusion_builder_column fusion-builder-column-1 fusion_builder_column_1_1 1_1 fusion-one-full fusion-column-first fusion-column-last\" style=\"--awb-bg-size:cover;--awb-margin-bottom:0px;\"><div class=\"fusion-column-wrapper fusion-flex-column-wrapper-legacy\"><div class=\"fusion-clearfix\"><\/div><\/div><\/div><\/div><\/div>\n","protected":false},"excerpt":{"rendered":"","protected":false},"author":1,"featured_media":0,"parent":1840,"menu_order":0,"comment_status":"closed","ping_status":"open","template":"","meta":{"_joinchat":[],"footnotes":""},"class_list":["post-2405","page","type-page","status-publish","hentry"],"_links":{"self":[{"href":"https:\/\/kugumuzik.com\/eng\/wp-json\/wp\/v2\/pages\/2405","targetHints":{"allow":["GET"]}}],"collection":[{"href":"https:\/\/kugumuzik.com\/eng\/wp-json\/wp\/v2\/pages"}],"about":[{"href":"https:\/\/kugumuzik.com\/eng\/wp-json\/wp\/v2\/types\/page"}],"author":[{"embeddable":true,"href":"https:\/\/kugumuzik.com\/eng\/wp-json\/wp\/v2\/users\/1"}],"replies":[{"embeddable":true,"href":"https:\/\/kugumuzik.com\/eng\/wp-json\/wp\/v2\/comments?post=2405"}],"version-history":[{"count":6,"href":"https:\/\/kugumuzik.com\/eng\/wp-json\/wp\/v2\/pages\/2405\/revisions"}],"predecessor-version":[{"id":11313,"href":"https:\/\/kugumuzik.com\/eng\/wp-json\/wp\/v2\/pages\/2405\/revisions\/11313"}],"up":[{"embeddable":true,"href":"https:\/\/kugumuzik.com\/eng\/wp-json\/wp\/v2\/pages\/1840"}],"wp:attachment":[{"href":"https:\/\/kugumuzik.com\/eng\/wp-json\/wp\/v2\/media?parent=2405"}],"curies":[{"name":"wp","href":"https:\/\/api.w.org\/{rel}","templated":true}]}}