{"id":4158,"date":"2017-04-20T19:23:15","date_gmt":"2017-04-20T16:23:15","guid":{"rendered":"https:\/\/kugumuzik.com\/?page_id=4158"},"modified":"2023-02-04T16:25:43","modified_gmt":"2023-02-04T13:25:43","slug":"kurumsal","status":"publish","type":"page","link":"https:\/\/kugumuzik.com\/eng\/kurumsal\/","title":{"rendered":"Kurumsal"},"content":{"rendered":"<div class=\"fusion-fullwidth fullwidth-box fusion-builder-row-1 fusion-flex-container nonhundred-percent-fullwidth non-hundred-percent-height-scrolling\" style=\"--awb-border-radius-top-left:0px;--awb-border-radius-top-right:0px;--awb-border-radius-bottom-right:0px;--awb-border-radius-bottom-left:0px;--awb-flex-wrap:wrap;\" ><div class=\"fusion-builder-row fusion-row fusion-flex-align-items-flex-start fusion-flex-content-wrap\" style=\"max-width:1248px;margin-left: calc(-4% \/ 2 );margin-right: calc(-4% \/ 2 );\"><div class=\"fusion-layout-column fusion_builder_column fusion-builder-column-0 fusion_builder_column_1_1 1_1 fusion-flex-column\" style=\"--awb-bg-size:cover;--awb-width-large:100%;--awb-margin-top-large:0px;--awb-spacing-right-large:1.92%;--awb-margin-bottom-large:0px;--awb-spacing-left-large:1.92%;--awb-width-medium:100%;--awb-spacing-right-medium:1.92%;--awb-spacing-left-medium:1.92%;--awb-width-small:100%;--awb-spacing-right-small:1.92%;--awb-spacing-left-small:1.92%;\"><div class=\"fusion-column-wrapper fusion-flex-justify-content-flex-start fusion-content-layout-column\"><div class=\"fusion-text fusion-text-1\" style=\"--awb-text-transform:none;\"><h1>KURUMSAL \u00c7ALI\u015eMALAR<\/h1>\n<p>Konservatuvar, M\u00fczik E\u011fitim Fak\u00fclteleri, Belediyeler, Konser salonlar\u0131 ve di\u011fer kurumlar\u0131n Piyano, Arp, Klavsen gereksinimleri \u00f6zel olarak haz\u0131rlanan teklif ve fiyatlarla kar\u015f\u0131lan\u0131r.<\/p>\n<p>En kaliteli Piyano, Arp ve Klavsenleri g\u00f6rmek, incelemek denemek amac\u0131yla Ata\u015fehir&#8217;deki ma\u011fazam\u0131z\u0131 ziyaret edebilirsiniz.<\/p>\n<p>Ma\u011fazam\u0131zda t\u00fcm markalar\u0131m\u0131zdan bir yada birden \u00e7ok \u00f6rnek enstr\u00fcman\u0131 inceleyebilir ve deneyebilirsiniz.<\/p>\n<p>Ayr\u0131ca t\u00fcm \u00fcr\u00fcnlerimizin \u00fcretim a\u015famalar\u0131n\u0131, kalite anlay\u0131\u015flar\u0131n\u0131 g\u00f6rmek i\u00e7in sizleri ilgili enstr\u00fcman fabrika gezilerine davet ediyoruz.<\/p>\n<p>Piyanolardan Fazioli, Steingraeber, F\u00f6rster, Wilh. Seinberg<\/p>\n<p>Arp \u00fcreticileri Horngacher, Salvi, Aoyama, Lyon&amp;Healy, Resonance<\/p>\n<p>Klavsen \u00fcreticileri Neupert, Bizzi<\/p>\n<p>L\u00fctfen ileti\u015fime ge\u00e7iniz.<\/p>\n<p>bilgi@kugumuzik.com<\/p>\n<p>Telefon: 0216 455 51 46<\/p>\n<p>GSM: 0 555 685 58 03<\/p>\n<\/div><\/div><\/div><\/div><\/div>\n","protected":false},"excerpt":{"rendered":"","protected":false},"author":3,"featured_media":0,"parent":0,"menu_order":0,"comment_status":"closed","ping_status":"closed","template":"","meta":{"_joinchat":[],"footnotes":""},"class_list":["post-4158","page","type-page","status-publish","hentry"],"_links":{"self":[{"href":"https:\/\/kugumuzik.com\/eng\/wp-json\/wp\/v2\/pages\/4158","targetHints":{"allow":["GET"]}}],"collection":[{"href":"https:\/\/kugumuzik.com\/eng\/wp-json\/wp\/v2\/pages"}],"about":[{"href":"https:\/\/kugumuzik.com\/eng\/wp-json\/wp\/v2\/types\/page"}],"author":[{"embeddable":true,"href":"https:\/\/kugumuzik.com\/eng\/wp-json\/wp\/v2\/users\/3"}],"replies":[{"embeddable":true,"href":"https:\/\/kugumuzik.com\/eng\/wp-json\/wp\/v2\/comments?post=4158"}],"version-history":[{"count":2,"href":"https:\/\/kugumuzik.com\/eng\/wp-json\/wp\/v2\/pages\/4158\/revisions"}],"predecessor-version":[{"id":9108,"href":"https:\/\/kugumuzik.com\/eng\/wp-json\/wp\/v2\/pages\/4158\/revisions\/9108"}],"wp:attachment":[{"href":"https:\/\/kugumuzik.com\/eng\/wp-json\/wp\/v2\/media?parent=4158"}],"curies":[{"name":"wp","href":"https:\/\/api.w.org\/{rel}","templated":true}]}}