{"id":4412,"date":"2017-04-21T19:09:17","date_gmt":"2017-04-21T16:09:17","guid":{"rendered":"https:\/\/kugumuzik.com\/?page_id=4412"},"modified":"2025-03-12T19:57:29","modified_gmt":"2025-03-12T16:57:29","slug":"aoyama-25swn-25sn-harp","status":"publish","type":"page","link":"https:\/\/kugumuzik.com\/eng\/aoyama-25swn-25sn-harp\/","title":{"rendered":"Aoyama 25S(WN)   &#8211;  25S(N) harp"},"content":{"rendered":"<div class=\"fusion-fullwidth fullwidth-box fusion-builder-row-1 nonhundred-percent-fullwidth non-hundred-percent-height-scrolling\" style=\"--awb-border-radius-top-left:0px;--awb-border-radius-top-right:0px;--awb-border-radius-bottom-right:0px;--awb-border-radius-bottom-left:0px;--awb-flex-wrap:wrap;\" ><div class=\"fusion-builder-row fusion-row\"><div class=\"fusion-layout-column fusion_builder_column fusion-builder-column-0 fusion_builder_column_1_1 1_1 fusion-one-full fusion-column-first fusion-column-last\" style=\"--awb-bg-size:cover;--awb-margin-bottom:0px;\"><div class=\"fusion-column-wrapper fusion-flex-column-wrapper-legacy\"><div class=\"fusion-text fusion-text-1\"><h1>Aoyama 25S(WN) &#8211; 25S(N) Arp<\/h1>\n<p>34 Telli (Do-La)<\/p>\n<p><strong>Y\u00fckseklik:<\/strong>\u00a0152 cm<\/p>\n<p><strong>A\u011f\u0131rl\u0131k:<\/strong>\u00a013,00 kg<\/p>\n<p><strong>Y\u00fczey:<\/strong>\u00a0ak\u00e7aa\u011fa\u00e7 do\u011fal veya ceviz<\/p>\n<p>Model 34-S Aoyama \u00e7ok \u00f6zel bir kol enstr\u00fcmand\u0131r.\u00a0Fantastik ve yuvarlak ses kulaklar\u0131n\u0131z i\u00e7in ger\u00e7ek bir bayramd\u0131r.\u00a0Ayr\u0131ca, ayn\u0131 zamanda g\u00f6rsel bir ho\u015fluk.\u00a0Bacaklar s\u00f6k\u00fclerek y\u00fcksekli\u011fi ayarlanabilir.<\/p>\n<p>Ta\u015f\u0131ma \u00e7antas\u0131\u00a0 ile birlikte<\/p>\n<p><span style=\"color: #ff0000;\"><strong>F\u0130YAT: 1.900 \u20ac + KDV<\/strong><\/span><\/p>\n<\/div><div class=\"awb-gallery-wrapper awb-gallery-wrapper-1 button-span-no\" style=\"--more-btn-alignment:center;\"><div style=\"margin:-5px;--awb-bordersize:0px;\" class=\"fusion-gallery fusion-gallery-container fusion-grid-3 fusion-columns-total-4 fusion-gallery-layout-grid fusion-gallery-1\"><div style=\"padding:5px;\" class=\"fusion-grid-column fusion-gallery-column fusion-gallery-column-3 hover-type-none\"><div class=\"fusion-gallery-image\"><a href=\"https:\/\/kugumuzik.com\/eng\/wp-content\/uploads\/25SN_K.jpg\" rel=\"noreferrer\" data-rel=\"iLightbox[gallery_image_1]\" class=\"fusion-lightbox\" target=\"_self\"><img decoding=\"async\" src=\"https:\/\/kugumuzik.com\/eng\/wp-content\/uploads\/25SN_K.jpg\" width=\"283\" height=\"397\" alt=\"Aoyama 25S(N) Harp\" title=\"Aoyama 25S(N) Arp\" aria-label=\"Aoyama 25S(N) Arp\" class=\"img-responsive wp-image-6894\" srcset=\"https:\/\/kugumuzik.com\/eng\/wp-content\/uploads\/25SN_K-200x281.jpg 200w, https:\/\/kugumuzik.com\/eng\/wp-content\/uploads\/25SN_K.jpg 283w\" sizes=\"(min-width: 2200px) 100vw, (min-width: 784px) 397px, (min-width: 712px) 595px, (min-width: 640px) 712px, \" \/><\/a><\/div><\/div><div style=\"padding:5px;\" class=\"fusion-grid-column fusion-gallery-column fusion-gallery-column-3 hover-type-none\"><div class=\"fusion-gallery-image\"><a href=\"https:\/\/kugumuzik.com\/eng\/wp-content\/uploads\/25SN_O.jpg\" rel=\"noreferrer\" data-rel=\"iLightbox[gallery_image_1]\" class=\"fusion-lightbox\" target=\"_self\"><img decoding=\"async\" src=\"https:\/\/kugumuzik.com\/eng\/wp-content\/uploads\/25SN_O.jpg\" width=\"283\" height=\"397\" alt=\"Aoyama 25S(N) Harp\" title=\"Aoyama 25S(N) Arp\" aria-label=\"Aoyama 25S(N) Arp\" class=\"img-responsive wp-image-6895\" srcset=\"https:\/\/kugumuzik.com\/eng\/wp-content\/uploads\/25SN_O-200x281.jpg 200w, https:\/\/kugumuzik.com\/eng\/wp-content\/uploads\/25SN_O.jpg 283w\" sizes=\"(min-width: 2200px) 100vw, (min-width: 784px) 397px, (min-width: 712px) 595px, (min-width: 640px) 712px, \" \/><\/a><\/div><\/div><div style=\"padding:5px;\" class=\"fusion-grid-column fusion-gallery-column fusion-gallery-column-3 hover-type-none\"><div class=\"fusion-gallery-image\"><a href=\"https:\/\/kugumuzik.com\/eng\/wp-content\/uploads\/25SWN_K.jpg\" rel=\"noreferrer\" data-rel=\"iLightbox[gallery_image_1]\" class=\"fusion-lightbox\" target=\"_self\"><img decoding=\"async\" src=\"https:\/\/kugumuzik.com\/eng\/wp-content\/uploads\/25SWN_K.jpg\" width=\"283\" height=\"397\" alt=\"Aoyama 25S(WN) Harp\" title=\"Aoyama 25S(WN) Arp\" aria-label=\"Aoyama 25S(WN) Arp\" class=\"img-responsive wp-image-6896\" srcset=\"https:\/\/kugumuzik.com\/eng\/wp-content\/uploads\/25SWN_K-200x281.jpg 200w, https:\/\/kugumuzik.com\/eng\/wp-content\/uploads\/25SWN_K.jpg 283w\" sizes=\"(min-width: 2200px) 100vw, (min-width: 784px) 397px, (min-width: 712px) 595px, (min-width: 640px) 712px, \" \/><\/a><\/div><\/div><div class=\"clearfix\"><\/div><div style=\"padding:5px;\" class=\"fusion-grid-column fusion-gallery-column fusion-gallery-column-3 hover-type-none\"><div class=\"fusion-gallery-image\"><a href=\"https:\/\/kugumuzik.com\/eng\/wp-content\/uploads\/25SWN_O.jpg\" rel=\"noreferrer\" data-rel=\"iLightbox[gallery_image_1]\" class=\"fusion-lightbox\" target=\"_self\"><img decoding=\"async\" src=\"https:\/\/kugumuzik.com\/eng\/wp-content\/uploads\/25SWN_O.jpg\" width=\"283\" height=\"397\" alt=\"Aoyama 25S(N) Harp\" title=\"Aoyama 25S(N) Arp\" aria-label=\"Aoyama 25S(N) Arp\" class=\"img-responsive wp-image-6897\" srcset=\"https:\/\/kugumuzik.com\/eng\/wp-content\/uploads\/25SWN_O-200x281.jpg 200w, https:\/\/kugumuzik.com\/eng\/wp-content\/uploads\/25SWN_O.jpg 283w\" sizes=\"(min-width: 2200px) 100vw, (min-width: 784px) 397px, (min-width: 712px) 595px, (min-width: 640px) 712px, \" \/><\/a><\/div><\/div><\/div><\/div><div class=\"fusion-clearfix\"><\/div><\/div><\/div><\/div><\/div>\n","protected":false},"excerpt":{"rendered":"","protected":false},"author":3,"featured_media":0,"parent":0,"menu_order":0,"comment_status":"closed","ping_status":"closed","template":"","meta":{"_joinchat":[],"footnotes":""},"class_list":["post-4412","page","type-page","status-publish","hentry"],"_links":{"self":[{"href":"https:\/\/kugumuzik.com\/eng\/wp-json\/wp\/v2\/pages\/4412","targetHints":{"allow":["GET"]}}],"collection":[{"href":"https:\/\/kugumuzik.com\/eng\/wp-json\/wp\/v2\/pages"}],"about":[{"href":"https:\/\/kugumuzik.com\/eng\/wp-json\/wp\/v2\/types\/page"}],"author":[{"embeddable":true,"href":"https:\/\/kugumuzik.com\/eng\/wp-json\/wp\/v2\/users\/3"}],"replies":[{"embeddable":true,"href":"https:\/\/kugumuzik.com\/eng\/wp-json\/wp\/v2\/comments?post=4412"}],"version-history":[{"count":9,"href":"https:\/\/kugumuzik.com\/eng\/wp-json\/wp\/v2\/pages\/4412\/revisions"}],"predecessor-version":[{"id":11607,"href":"https:\/\/kugumuzik.com\/eng\/wp-json\/wp\/v2\/pages\/4412\/revisions\/11607"}],"wp:attachment":[{"href":"https:\/\/kugumuzik.com\/eng\/wp-json\/wp\/v2\/media?parent=4412"}],"curies":[{"name":"wp","href":"https:\/\/api.w.org\/{rel}","templated":true}]}}