{"id":4706,"date":"2017-05-06T10:59:16","date_gmt":"2017-05-06T07:59:16","guid":{"rendered":"https:\/\/kugumuzik.com\/?page_id=4706"},"modified":"2025-07-08T18:40:30","modified_gmt":"2025-07-08T15:40:30","slug":"spinet","status":"publish","type":"page","link":"https:\/\/kugumuzik.com\/eng\/spinet\/","title":{"rendered":"Spinet"},"content":{"rendered":"<div class=\"fusion-fullwidth fullwidth-box fusion-builder-row-1 hundred-percent-fullwidth non-hundred-percent-height-scrolling\" style=\"--awb-border-radius-top-left:0px;--awb-border-radius-top-right:0px;--awb-border-radius-bottom-right:0px;--awb-border-radius-bottom-left:0px;--awb-overflow:visible;--awb-flex-wrap:wrap;\" ><div class=\"fusion-builder-row fusion-row\"><div class=\"fusion-layout-column fusion_builder_column fusion-builder-column-0 fusion_builder_column_1_1 1_1 fusion-one-full fusion-column-first fusion-column-last fusion-column-no-min-height\" style=\"--awb-bg-size:cover;--awb-margin-bottom:0px;\"><div class=\"fusion-column-wrapper fusion-flex-column-wrapper-legacy\"><div class=\"fusion-text fusion-text-1\"><div id=\"attachment_4813\" style=\"width: 310px\" class=\"wp-caption alignright\"><a href=\"https:\/\/kugumuzik.com\/wp-content\/uploads\/S\u0130LBERMANN-HSS-.jpg\"><img decoding=\"async\" aria-describedby=\"caption-attachment-4813\" class=\"size-medium wp-image-4813\" src=\"https:\/\/kugumuzik.com\/wp-content\/uploads\/S\u0130LBERMANN-HSS--300x211.jpg\" alt=\"\" width=\"300\" height=\"211\" srcset=\"https:\/\/kugumuzik.com\/eng\/wp-content\/uploads\/S\u0130LBERMANN-HSS--66x46.jpg 66w, https:\/\/kugumuzik.com\/eng\/wp-content\/uploads\/S\u0130LBERMANN-HSS--177x124.jpg 177w, https:\/\/kugumuzik.com\/eng\/wp-content\/uploads\/S\u0130LBERMANN-HSS--200x140.jpg 200w, https:\/\/kugumuzik.com\/eng\/wp-content\/uploads\/S\u0130LBERMANN-HSS--300x211.jpg 300w, https:\/\/kugumuzik.com\/eng\/wp-content\/uploads\/S\u0130LBERMANN-HSS--320x225.jpg 320w, https:\/\/kugumuzik.com\/eng\/wp-content\/uploads\/S\u0130LBERMANN-HSS--400x281.jpg 400w, https:\/\/kugumuzik.com\/eng\/wp-content\/uploads\/S\u0130LBERMANN-HSS--460x323.jpg 460w, https:\/\/kugumuzik.com\/eng\/wp-content\/uploads\/S\u0130LBERMANN-HSS--540x379.jpg 540w, https:\/\/kugumuzik.com\/eng\/wp-content\/uploads\/S\u0130LBERMANN-HSS--600x421.jpg 600w, https:\/\/kugumuzik.com\/eng\/wp-content\/uploads\/S\u0130LBERMANN-HSS--669x470.jpg 669w, https:\/\/kugumuzik.com\/eng\/wp-content\/uploads\/S\u0130LBERMANN-HSS--700x492.jpg 700w, https:\/\/kugumuzik.com\/eng\/wp-content\/uploads\/S\u0130LBERMANN-HSS--768x539.jpg 768w, https:\/\/kugumuzik.com\/eng\/wp-content\/uploads\/S\u0130LBERMANN-HSS--800x562.jpg 800w, https:\/\/kugumuzik.com\/eng\/wp-content\/uploads\/S\u0130LBERMANN-HSS--940x660.jpg 940w, https:\/\/kugumuzik.com\/eng\/wp-content\/uploads\/S\u0130LBERMANN-HSS--1024x719.jpg 1024w, https:\/\/kugumuzik.com\/eng\/wp-content\/uploads\/S\u0130LBERMANN-HSS--1200x843.jpg 1200w, https:\/\/kugumuzik.com\/eng\/wp-content\/uploads\/S\u0130LBERMANN-HSS-.jpg 1280w\" sizes=\"(max-width: 300px) 100vw, 300px\" \/><\/a><p id=\"caption-attachment-4813\" class=\"wp-caption-text\">S\u0130LBERMANN<\/p><\/div>\n<h1><strong>NEUPERT Spinet\u00a0 &#8220;Silbermann&#8221;\u00a0\u00a0\u00a0<\/strong><\/h1>\n<p>Silbermann&#8217;s spine is a twisted spine, a model first developed by the Italian Girolamo Zenti. The NEUPERT copy of a Silbermann tool made around 1767 (now belonging to the collection of the University of Erlangen) is faithful to the original down to the smallest detail, from the Sibermann rose with its three intertwined S&#8217;s to the hinges in the shape of a stylised lily. Regarding the sound of the Silbermann spine, the guide of the Basel Historical Museum writes: &#8220;From the long strings &#8211; the length of the spine is about two metres &#8211; and from the large area of the soundboard comes a surprising sound of fullness, always fascinating to our ears.&#8221;<a class=\"fusion-builder-modal-save\" href=\"https:\/\/kugumuzik.com\/eng\/wp-admin\/post.php?post=4706&amp;action=edit#\"> Save <\/a><\/p>\n<h3>Technical details<\/h3>\n<p>keyboard compass F1-f3 (= 5 octaves) 8&#8242;,<\/p>\n<p>lute length 195 cm (6&#8217;5&#8243;)<\/p>\n<p>width 66 cm (2&#8217;2&#8243;)<\/p>\n<p>net weight 38 kg<\/p>\n<p>Extra options transposer (a1 = 440\/415 Hz)<\/p>\n<p>Tool-matched worktops and covers<\/p>\n<\/div><div class=\"fusion-clearfix\"><\/div><\/div><\/div><div class=\"fusion-layout-column fusion_builder_column fusion-builder-column-1 fusion_builder_column_1_1 1_1 fusion-one-full fusion-column-first fusion-column-last fusion-column-no-min-height\" style=\"--awb-bg-size:cover;--awb-margin-bottom:0px;\"><div class=\"fusion-column-wrapper fusion-flex-column-wrapper-legacy\"><div class=\"fusion-text fusion-text-2\"><div id=\"attachment_4814\" style=\"width: 310px\" class=\"wp-caption alignright\"><a href=\"https:\/\/kugumuzik.com\/wp-content\/uploads\/Spinett-Silbermann.jpg\"><img decoding=\"async\" aria-describedby=\"caption-attachment-4814\" class=\"size-medium wp-image-4814\" src=\"https:\/\/kugumuzik.com\/wp-content\/uploads\/Spinett-Silbermann-300x225.jpg\" alt=\"\" width=\"300\" height=\"225\" srcset=\"https:\/\/kugumuzik.com\/eng\/wp-content\/uploads\/Spinett-Silbermann-66x50.jpg 66w, https:\/\/kugumuzik.com\/eng\/wp-content\/uploads\/Spinett-Silbermann-177x133.jpg 177w, https:\/\/kugumuzik.com\/eng\/wp-content\/uploads\/Spinett-Silbermann-200x150.jpg 200w, https:\/\/kugumuzik.com\/eng\/wp-content\/uploads\/Spinett-Silbermann-300x225.jpg 300w, https:\/\/kugumuzik.com\/eng\/wp-content\/uploads\/Spinett-Silbermann-320x240.jpg 320w, https:\/\/kugumuzik.com\/eng\/wp-content\/uploads\/Spinett-Silbermann-400x300.jpg 400w, https:\/\/kugumuzik.com\/eng\/wp-content\/uploads\/Spinett-Silbermann-460x345.jpg 460w, https:\/\/kugumuzik.com\/eng\/wp-content\/uploads\/Spinett-Silbermann-540x405.jpg 540w, https:\/\/kugumuzik.com\/eng\/wp-content\/uploads\/Spinett-Silbermann-600x450.jpg 600w, https:\/\/kugumuzik.com\/eng\/wp-content\/uploads\/Spinett-Silbermann-669x502.jpg 669w, https:\/\/kugumuzik.com\/eng\/wp-content\/uploads\/Spinett-Silbermann-700x525.jpg 700w, https:\/\/kugumuzik.com\/eng\/wp-content\/uploads\/Spinett-Silbermann-768x576.jpg 768w, https:\/\/kugumuzik.com\/eng\/wp-content\/uploads\/Spinett-Silbermann-800x600.jpg 800w, https:\/\/kugumuzik.com\/eng\/wp-content\/uploads\/Spinett-Silbermann-940x705.jpg 940w, https:\/\/kugumuzik.com\/eng\/wp-content\/uploads\/Spinett-Silbermann-1024x768.jpg 1024w, https:\/\/kugumuzik.com\/eng\/wp-content\/uploads\/Spinett-Silbermann-1200x900.jpg 1200w, https:\/\/kugumuzik.com\/eng\/wp-content\/uploads\/Spinett-Silbermann.jpg 1280w\" sizes=\"(max-width: 300px) 100vw, 300px\" \/><\/a><p id=\"caption-attachment-4814\" class=\"wp-caption-text\">Spinett Silbermann<\/p><\/div>\n<h1><strong>&#8220;Zenti&#8221;\u00a0\u00a0\u00a0\u00a0 <\/strong><\/h1>\n<p>Bu yeni tasarlanm\u0131\u015f NEUPERT &#8220;Zenti&#8221; spinet&#8217;in ad\u0131, 1637&#8217;de bu \u00f6zel enstr\u00fcman t\u00fcr\u00fcn\u00fc (&#8220;bentside spinett&#8221;) ilk yapan \u00fcnl\u00fc \u0130talyan Girolamo Zenti&#8217;ye bir sayg\u0131 duru\u015fu niteli\u011findedir. NEUPERT, &#8220;Zenti&#8221; spinet ile m\u00fc\u015fterilerle bulu\u015fmu\u015ftur. Kolayca ta\u015f\u0131nabilen makul bir fiyata m\u00fczikal olarak \u00e7ok y\u00f6nl\u00fc bir enstr\u00fcman talep ediyor.<\/p>\n<p>Yeni NEUPERT &#8220;Zenti&#8221; omurgas\u0131n\u0131n \u00f6zellikleri:<\/p>\n<\/div><div class=\"fusion-clearfix\"><\/div><\/div><\/div><div class=\"fusion-layout-column fusion_builder_column fusion-builder-column-2 fusion_builder_column_1_1 1_1 fusion-one-full fusion-column-first fusion-column-last fusion-column-no-min-height\" style=\"--awb-bg-size:cover;--awb-margin-bottom:0px;\"><div class=\"fusion-column-wrapper fusion-flex-column-wrapper-legacy\"><div class=\"fusion-text fusion-text-3\"><div id=\"attachment_4816\" style=\"width: 310px\" class=\"wp-caption alignright\"><a href=\"https:\/\/kugumuzik.com\/wp-content\/uploads\/ZENT\u0130-1213.jpg\"><img decoding=\"async\" aria-describedby=\"caption-attachment-4816\" class=\"size-medium wp-image-4816\" src=\"https:\/\/kugumuzik.com\/wp-content\/uploads\/ZENT\u0130-1213-300x225.jpg\" alt=\"\" width=\"300\" height=\"225\" srcset=\"https:\/\/kugumuzik.com\/eng\/wp-content\/uploads\/ZENT\u0130-1213-66x50.jpg 66w, https:\/\/kugumuzik.com\/eng\/wp-content\/uploads\/ZENT\u0130-1213-177x133.jpg 177w, https:\/\/kugumuzik.com\/eng\/wp-content\/uploads\/ZENT\u0130-1213-200x150.jpg 200w, https:\/\/kugumuzik.com\/eng\/wp-content\/uploads\/ZENT\u0130-1213-300x225.jpg 300w, https:\/\/kugumuzik.com\/eng\/wp-content\/uploads\/ZENT\u0130-1213-320x240.jpg 320w, https:\/\/kugumuzik.com\/eng\/wp-content\/uploads\/ZENT\u0130-1213-400x300.jpg 400w, https:\/\/kugumuzik.com\/eng\/wp-content\/uploads\/ZENT\u0130-1213-460x345.jpg 460w, https:\/\/kugumuzik.com\/eng\/wp-content\/uploads\/ZENT\u0130-1213-540x405.jpg 540w, https:\/\/kugumuzik.com\/eng\/wp-content\/uploads\/ZENT\u0130-1213-600x450.jpg 600w, https:\/\/kugumuzik.com\/eng\/wp-content\/uploads\/ZENT\u0130-1213-669x502.jpg 669w, https:\/\/kugumuzik.com\/eng\/wp-content\/uploads\/ZENT\u0130-1213-700x525.jpg 700w, https:\/\/kugumuzik.com\/eng\/wp-content\/uploads\/ZENT\u0130-1213-768x576.jpg 768w, https:\/\/kugumuzik.com\/eng\/wp-content\/uploads\/ZENT\u0130-1213-800x600.jpg 800w, https:\/\/kugumuzik.com\/eng\/wp-content\/uploads\/ZENT\u0130-1213-940x705.jpg 940w, https:\/\/kugumuzik.com\/eng\/wp-content\/uploads\/ZENT\u0130-1213.jpg 1024w\" sizes=\"(max-width: 300px) 100vw, 300px\" \/><\/a><p id=\"caption-attachment-4816\" class=\"wp-caption-text\">Spinet ZENT\u0130<\/p><\/div>\n<ul>\n<li>alet sadece 148 cm uzunlu\u011funda ve sadece 31 kg a\u011f\u0131rl\u0131\u011f\u0131nda olmas\u0131na ra\u011fmen b\u00fcy\u00fck bir pusula<\/li>\n<li>\n<p id=\"tw-target-text\" class=\"tw-data-text tw-text-large tw-ta\" dir=\"ltr\" data-placeholder=\"\u00c7eviri\"><span class=\"Y2IQFc\" lang=\"tr\">standart \u00f6zellikler aras\u0131nda bir buff-stop ve bir transpozisyon d\u00fczenlemesi (a1 = 415 Hz&#8217;den a1= 440 Hz&#8217;ye ge\u00e7i\u015f i\u00e7in) bulunur.<\/span><\/p>\n<\/li>\n<li>\n<p id=\"tw-target-text\" class=\"tw-data-text tw-text-large tw-ta\" dir=\"ltr\" data-placeholder=\"\u00c7eviri\"><span class=\"Y2IQFc\" lang=\"tr\">Kapak kapal\u0131 veya a\u00e7\u0131kken nota masas\u0131n\u0131 kullanma imkan\u0131<\/span><\/p>\n<\/li>\n<li>\n<p id=\"tw-target-text\" class=\"tw-data-text tw-text-large tw-ta\" dir=\"ltr\" data-placeholder=\"\u00c7eviri\"><span class=\"Y2IQFc\" lang=\"tr\">tahta krikolar ve Delrin plectra gibi tarihi enstr\u00fcmanlarda bulunan bir dizi \u00f6zellik<\/span><\/p>\n<\/li>\n<li>\n<p id=\"tw-target-text\" class=\"tw-data-text tw-text-large tw-ta\" dir=\"ltr\" data-placeholder=\"\u00c7eviri\"><span class=\"Y2IQFc\" lang=\"tr\">yeniden ke\u015ffedilen tarihi \u00fcretim y\u00f6ntemleri sayesinde uygun fiyat<\/span><\/p>\n<\/li>\n<li>\n<p id=\"tw-target-text\" class=\"tw-data-text tw-text-large tw-ta\" dir=\"ltr\" data-placeholder=\"\u00c7eviri\"><span class=\"Y2IQFc\" lang=\"tr\">NEUPERT&#8217;in d\u00fcnyan\u0131n en eski tarihsel klavyeli enstr\u00fcman \u00fcreticisi olarak deneyimlerini uygulamas\u0131<\/span><\/p>\n<\/li>\n<\/ul>\n<h3>Technical details<\/h3>\n<ol>\n<li>\n<p id=\"tw-target-text\" class=\"tw-data-text tw-text-large tw-ta\" dir=\"ltr\" data-placeholder=\"\u00c7eviri\"><span class=\"Y2IQFc\" lang=\"tr\">klavye pusulas\u0131: A1- f3 (= 4 3\/4 oktav)<\/span><\/p>\n<\/li>\n<li>8&#8242;, lavta, transpozisyon cihaz\u0131<\/li>\n<li>\n<p id=\"tw-target-text\" class=\"tw-data-text tw-text-large tw-ta\" dir=\"ltr\" data-placeholder=\"\u00c7eviri\"><span class=\"Y2IQFc\" lang=\"tr\">uzunluk 148 cm (4&#8217;10&#8221;)<\/span><\/p>\n<\/li>\n<li>geni\u015flik 62 cm (2&#8242;)<\/li>\n<li>net a\u011f\u0131rl\u0131k 31 kg<\/li>\n<li>kasa: NEUPERT \u00f6rneklerinin renklerine boyanm\u0131\u015f, alt\u0131n renkli bantl\u0131 veya do\u011fal me\u015fe (okul versiyonu)<\/li>\n<\/ol>\n<pre id=\"tw-target-text\" class=\"tw-data-text tw-text-large tw-ta\" dir=\"ltr\" data-placeholder=\"\u00c7eviri\"><span class=\"Y2IQFc\" lang=\"tr\">Ekstra se\u00e7enekler<\/span><\/pre>\n<ul>\n<li>\n<p id=\"tw-target-text\" class=\"tw-data-text tw-text-large tw-ta\" dir=\"ltr\" data-placeholder=\"\u00c7eviri\"><span class=\"Y2IQFc\" lang=\"tr\">enstr\u00fcmanla e\u015fle\u015fen kapaklar ve banklar<\/span><\/p>\n<\/li>\n<li>kasan\u0131n etraf\u0131nda bir kal\u0131plama<\/li>\n<li>\n<p id=\"tw-target-text\" class=\"tw-data-text tw-text-large tw-ta\" dir=\"ltr\" data-placeholder=\"\u00c7eviri\"><span class=\"Y2IQFc\" lang=\"tr\">pervazl\u0131 konik ayaklar<\/span><\/p>\n<\/li>\n<\/ul>\n<\/div><div class=\"fusion-clearfix\"><\/div><\/div><\/div><div class=\"fusion-layout-column fusion_builder_column fusion-builder-column-3 fusion_builder_column_1_1 1_1 fusion-one-full fusion-column-first fusion-column-last fusion-column-no-min-height\" style=\"--awb-bg-size:cover;--awb-margin-bottom:0px;\"><div class=\"fusion-column-wrapper fusion-flex-column-wrapper-legacy\"><div class=\"fusion-text fusion-text-4\"><div id=\"attachment_4815\" style=\"width: 293px\" class=\"wp-caption alignright\"><a href=\"https:\/\/kugumuzik.com\/wp-content\/uploads\/Spinettino.jpg\"><img decoding=\"async\" aria-describedby=\"caption-attachment-4815\" class=\" wp-image-4815\" src=\"https:\/\/kugumuzik.com\/wp-content\/uploads\/Spinettino-300x212.jpg\" alt=\"\" width=\"283\" height=\"200\" srcset=\"https:\/\/kugumuzik.com\/eng\/wp-content\/uploads\/Spinettino-66x47.jpg 66w, https:\/\/kugumuzik.com\/eng\/wp-content\/uploads\/Spinettino-177x125.jpg 177w, https:\/\/kugumuzik.com\/eng\/wp-content\/uploads\/Spinettino-200x141.jpg 200w, https:\/\/kugumuzik.com\/eng\/wp-content\/uploads\/Spinettino-300x212.jpg 300w, https:\/\/kugumuzik.com\/eng\/wp-content\/uploads\/Spinettino-320x226.jpg 320w, https:\/\/kugumuzik.com\/eng\/wp-content\/uploads\/Spinettino-400x283.jpg 400w, https:\/\/kugumuzik.com\/eng\/wp-content\/uploads\/Spinettino-460x325.jpg 460w, https:\/\/kugumuzik.com\/eng\/wp-content\/uploads\/Spinettino-540x382.jpg 540w, https:\/\/kugumuzik.com\/eng\/wp-content\/uploads\/Spinettino-600x424.jpg 600w, https:\/\/kugumuzik.com\/eng\/wp-content\/uploads\/Spinettino-669x473.jpg 669w, https:\/\/kugumuzik.com\/eng\/wp-content\/uploads\/Spinettino-700x495.jpg 700w, https:\/\/kugumuzik.com\/eng\/wp-content\/uploads\/Spinettino-768x543.jpg 768w, https:\/\/kugumuzik.com\/eng\/wp-content\/uploads\/Spinettino-800x566.jpg 800w, https:\/\/kugumuzik.com\/eng\/wp-content\/uploads\/Spinettino-940x665.jpg 940w, https:\/\/kugumuzik.com\/eng\/wp-content\/uploads\/Spinettino-1024x724.jpg 1024w, https:\/\/kugumuzik.com\/eng\/wp-content\/uploads\/Spinettino-1200x848.jpg 1200w, https:\/\/kugumuzik.com\/eng\/wp-content\/uploads\/Spinettino.jpg 1280w\" sizes=\"(max-width: 283px) 100vw, 283px\" \/><\/a><p id=\"caption-attachment-4815\" class=\"wp-caption-text\">Spinettino<\/p><\/div>\n<h1><strong>Spinettino<\/strong><\/h1>\n<h3>Technical details<\/h3>\n<ol>\n<li>keyboard compass: c-c4 (= 4 octaves), lute<\/li>\n<li>length 86 cm (2&#8217;10&#8221;)<\/li>\n<li>width 59 cm (2&#8242;)<\/li>\n<li>net weight 18 kg<\/li>\n<li>(incl. case)<\/li>\n<\/ol>\n<\/div><div class=\"fusion-clearfix\"><\/div><\/div><\/div><\/div><\/div>\n","protected":false},"excerpt":{"rendered":"","protected":false},"author":3,"featured_media":0,"parent":0,"menu_order":0,"comment_status":"closed","ping_status":"closed","template":"","meta":{"_joinchat":[],"footnotes":""},"class_list":["post-4706","page","type-page","status-publish","hentry"],"_links":{"self":[{"href":"https:\/\/kugumuzik.com\/eng\/wp-json\/wp\/v2\/pages\/4706","targetHints":{"allow":["GET"]}}],"collection":[{"href":"https:\/\/kugumuzik.com\/eng\/wp-json\/wp\/v2\/pages"}],"about":[{"href":"https:\/\/kugumuzik.com\/eng\/wp-json\/wp\/v2\/types\/page"}],"author":[{"embeddable":true,"href":"https:\/\/kugumuzik.com\/eng\/wp-json\/wp\/v2\/users\/3"}],"replies":[{"embeddable":true,"href":"https:\/\/kugumuzik.com\/eng\/wp-json\/wp\/v2\/comments?post=4706"}],"version-history":[{"count":7,"href":"https:\/\/kugumuzik.com\/eng\/wp-json\/wp\/v2\/pages\/4706\/revisions"}],"predecessor-version":[{"id":11905,"href":"https:\/\/kugumuzik.com\/eng\/wp-json\/wp\/v2\/pages\/4706\/revisions\/11905"}],"wp:attachment":[{"href":"https:\/\/kugumuzik.com\/eng\/wp-json\/wp\/v2\/media?parent=4706"}],"curies":[{"name":"wp","href":"https:\/\/api.w.org\/{rel}","templated":true}]}}