{"id":5036,"date":"2017-05-14T14:47:35","date_gmt":"2017-05-14T11:47:35","guid":{"rendered":"https:\/\/kugumuzik.com\/?page_id=5036"},"modified":"2025-03-06T17:19:28","modified_gmt":"2025-03-06T14:19:28","slug":"harp","status":"publish","type":"page","link":"https:\/\/kugumuzik.com\/eng\/harp\/","title":{"rendered":"Harp"},"content":{"rendered":"<p><div class=\"fusion-fullwidth fullwidth-box fusion-builder-row-1 fusion-flex-container nonhundred-percent-fullwidth non-hundred-percent-height-scrolling\" style=\"--awb-border-radius-top-left:0px;--awb-border-radius-top-right:0px;--awb-border-radius-bottom-right:0px;--awb-border-radius-bottom-left:0px;--awb-flex-wrap:wrap;\" ><div class=\"fusion-builder-row fusion-row fusion-flex-align-items-flex-start fusion-flex-content-wrap\" style=\"max-width:1248px;margin-left: calc(-4% \/ 2 );margin-right: calc(-4% \/ 2 );\"><div class=\"fusion-layout-column fusion_builder_column fusion-builder-column-0 fusion_builder_column_1_1 1_1 fusion-flex-column\" style=\"--awb-bg-size:cover;--awb-width-large:100%;--awb-margin-top-large:0px;--awb-spacing-right-large:1.92%;--awb-margin-bottom-large:20px;--awb-spacing-left-large:1.92%;--awb-width-medium:100%;--awb-order-medium:0;--awb-spacing-right-medium:1.92%;--awb-spacing-left-medium:1.92%;--awb-width-small:100%;--awb-order-small:0;--awb-spacing-right-small:1.92%;--awb-spacing-left-small:1.92%;\"><div class=\"fusion-column-wrapper fusion-column-has-shadow fusion-flex-justify-content-flex-start fusion-content-layout-column\"><div class=\"fusion-image-element \" style=\"text-align:center;--awb-caption-title-font-family:var(--h2_typography-font-family);--awb-caption-title-font-weight:var(--h2_typography-font-weight);--awb-caption-title-font-style:var(--h2_typography-font-style);--awb-caption-title-size:var(--h2_typography-font-size);--awb-caption-title-transform:var(--h2_typography-text-transform);--awb-caption-title-line-height:var(--h2_typography-line-height);--awb-caption-title-letter-spacing:var(--h2_typography-letter-spacing);\"><span class=\" fusion-imageframe imageframe-none imageframe-1 hover-type-none\"><img decoding=\"async\" width=\"1120\" height=\"373\" alt=\"Arp\" title=\"arp\" src=\"https:\/\/kugumuzik.com\/wp-content\/uploads\/arpler-e1657974642359.jpg\" class=\"img-responsive wp-image-8767\" srcset=\"https:\/\/kugumuzik.com\/eng\/wp-content\/uploads\/arpler-e1657974642359-200x67.jpg 200w, https:\/\/kugumuzik.com\/eng\/wp-content\/uploads\/arpler-e1657974642359-400x133.jpg 400w, https:\/\/kugumuzik.com\/eng\/wp-content\/uploads\/arpler-e1657974642359-600x200.jpg 600w, https:\/\/kugumuzik.com\/eng\/wp-content\/uploads\/arpler-e1657974642359-800x266.jpg 800w, https:\/\/kugumuzik.com\/eng\/wp-content\/uploads\/arpler-e1657974642359.jpg 1120w\" sizes=\"(max-width: 1024px) 100vw, (max-width: 640px) 100vw, 1120px\" \/><\/span><\/div><\/div><\/div><\/div><\/div><div class=\"fusion-fullwidth fullwidth-box fusion-builder-row-2 nonhundred-percent-fullwidth non-hundred-percent-height-scrolling\" style=\"--awb-border-radius-top-left:0px;--awb-border-radius-top-right:0px;--awb-border-radius-bottom-right:0px;--awb-border-radius-bottom-left:0px;--awb-flex-wrap:wrap;\" ><div class=\"fusion-builder-row fusion-row\"><div class=\"fusion-layout-column fusion_builder_column fusion-builder-column-1 fusion_builder_column_1_1 1_1 fusion-one-full fusion-column-first fusion-column-last\" style=\"--awb-bg-size:cover;--awb-margin-bottom:0px;\"><div class=\"fusion-column-wrapper fusion-column-has-shadow fusion-flex-column-wrapper-legacy\"><div class=\"fusion-text fusion-text-1\"><h1>HARP<\/h1>\n<p>The harp is one of the oldest instruments in human history, which is why there are so many different types of harps. It is thought that the first harps were inspired by the sound of the archer&#8217;s bow, and almost every culture on earth has its own harp. An instrument considered sacred in almost every culture, the instrument of the gods&#8230;<\/p>\n<p>Perhaps it is sacred because it is impossible to make a &#8220;bad&#8221; sound from this instrument, where each note corresponds to a string. The harp is diatonic by nature, that is, an instrument that cannot produce intermediate sounds. It is like having only white keys on the piano. In order to overcome this, instrument makers have improved the harp and developed different systems to play flats and sharps.<\/p>\n<p>KU\u011eU M\u00dcZ\u0130K is the distributor of world-famous and top quality harp brands in Turkey. We are the sole distributor of Horngacher, the leading German handmade and top quality harps, and Aoyama harps made in Japan. You can examine the harp brands you can find in our company on their own pages, you can try, buy and call us for more detailed information.<\/p>\n<\/div><div class=\"fusion-clearfix\"><\/div><\/div><\/div><\/div><\/div><div class=\"fusion-fullwidth fullwidth-box fusion-builder-row-3 nonhundred-percent-fullwidth non-hundred-percent-height-scrolling\" style=\"--awb-border-radius-top-left:0px;--awb-border-radius-top-right:0px;--awb-border-radius-bottom-right:0px;--awb-border-radius-bottom-left:0px;--awb-padding-top:20px;--awb-background-color:#878787;--awb-flex-wrap:wrap;\" ><div class=\"fusion-builder-row fusion-row\"><div class=\"fusion-layout-column fusion_builder_column fusion-builder-column-2 fusion_builder_column_1_3 1_3 fusion-one-third fusion-column-first\" style=\"--awb-bg-size:cover;width:33.333333333333%;width:calc(33.333333333333% - ( ( 4% + 4% ) * 0.33333333333333 ) );margin-right: 4%;\"><div class=\"fusion-column-wrapper fusion-flex-column-wrapper-legacy\"><div class=\"fusion-image-element fusion-image-align-center in-legacy-container\" style=\"text-align:center;--awb-caption-title-font-family:var(--h2_typography-font-family);--awb-caption-title-font-weight:var(--h2_typography-font-weight);--awb-caption-title-font-style:var(--h2_typography-font-style);--awb-caption-title-size:var(--h2_typography-font-size);--awb-caption-title-transform:var(--h2_typography-text-transform);--awb-caption-title-line-height:var(--h2_typography-line-height);--awb-caption-title-letter-spacing:var(--h2_typography-letter-spacing);\"><div class=\"imageframe-align-center\"><span class=\" fusion-imageframe imageframe-dropshadow imageframe-2 hover-type-none\" style=\"-webkit-box-shadow: 3px 3px 7px rgba(0,0,0,0.3);box-shadow: 3px 3px 7px rgba(0,0,0,0.3);\"><a class=\"fusion-no-lightbox\" href=\"https:\/\/kugumuzik.com\/horngacher\/\" target=\"_self\" aria-label=\"Empire\"><img decoding=\"async\" width=\"683\" height=\"1024\" alt=\"Horngacher\" src=\"https:\/\/kugumuzik.com\/wp-content\/uploads\/Empire-683x1024.jpg\" class=\"img-responsive wp-image-10644\" srcset=\"https:\/\/kugumuzik.com\/eng\/wp-content\/uploads\/Empire-200x300.jpg 200w, https:\/\/kugumuzik.com\/eng\/wp-content\/uploads\/Empire-400x600.jpg 400w, https:\/\/kugumuzik.com\/eng\/wp-content\/uploads\/Empire-600x900.jpg 600w, https:\/\/kugumuzik.com\/eng\/wp-content\/uploads\/Empire-800x1200.jpg 800w, https:\/\/kugumuzik.com\/eng\/wp-content\/uploads\/Empire-1200x1800.jpg 1200w, https:\/\/kugumuzik.com\/eng\/wp-content\/uploads\/Empire.jpg 1440w\" sizes=\"(max-width: 800px) 100vw, 400px\" \/><\/a><\/span><\/div><\/div><div class=\"fusion-text fusion-text-2\" style=\"--awb-text-transform:none;--awb-margin-top:10px;\"><p style=\"text-align: justify;\">German Horngacher is considered as the best quality harp with only special handmade concert harps. Swan Music is the sole authorised representative of Horngacher, the world-renowned manufacturer of handmade concert harps, in Turkey.<\/p>\n<\/div><div class=\"fusion-clearfix\"><\/div><\/div><\/div><div class=\"fusion-layout-column fusion_builder_column fusion-builder-column-3 fusion_builder_column_1_3 1_3 fusion-one-third\" style=\"--awb-bg-size:cover;width:33.333333333333%;width:calc(33.333333333333% - ( ( 4% + 4% ) * 0.33333333333333 ) );margin-right: 4%;\"><div class=\"fusion-column-wrapper fusion-flex-column-wrapper-legacy\"><div class=\"fusion-image-element fusion-image-align-center in-legacy-container\" style=\"text-align:center;--awb-caption-title-font-family:var(--h2_typography-font-family);--awb-caption-title-font-weight:var(--h2_typography-font-weight);--awb-caption-title-font-style:var(--h2_typography-font-style);--awb-caption-title-size:var(--h2_typography-font-size);--awb-caption-title-transform:var(--h2_typography-text-transform);--awb-caption-title-line-height:var(--h2_typography-line-height);--awb-caption-title-letter-spacing:var(--h2_typography-letter-spacing);\"><div class=\"imageframe-align-center\"><span class=\" fusion-imageframe imageframe-dropshadow imageframe-3 hover-type-none\" style=\"-webkit-box-shadow: 3px 3px 7px rgba(0,0,0,0.3);box-shadow: 3px 3px 7px rgba(0,0,0,0.3);\"><a class=\"fusion-no-lightbox\" href=\"https:\/\/kugumuzik.com\/aoyama\/\" target=\"_self\" aria-label=\"Aoyama Etude 47 Telli\"><img decoding=\"async\" width=\"298\" height=\"538\" alt=\"Aoyama\" src=\"https:\/\/kugumuzik.com\/wp-content\/uploads\/Aoyama-Etude-47-Telli.jpg\" class=\"img-responsive wp-image-10646\" srcset=\"https:\/\/kugumuzik.com\/eng\/wp-content\/uploads\/Aoyama-Etude-47-Telli-200x361.jpg 200w, https:\/\/kugumuzik.com\/eng\/wp-content\/uploads\/Aoyama-Etude-47-Telli.jpg 298w\" sizes=\"(max-width: 800px) 100vw, 298px\" \/><\/a><\/span><\/div><\/div><div class=\"fusion-text fusion-text-3\" style=\"--awb-text-transform:none;--awb-margin-top:10px;\"><p style=\"text-align: justify;\">Japanese-made Aoyama harps are known for their wide variety and high quality harps. Swan Music is the sole authorised representative of the Aoyama brand in Turkey.<\/p>\n<\/div><div class=\"fusion-clearfix\"><\/div><\/div><\/div><div class=\"fusion-layout-column fusion_builder_column fusion-builder-column-4 fusion_builder_column_1_3 1_3 fusion-one-third fusion-column-last\" style=\"--awb-bg-size:cover;width:33.333333333333%;width:calc(33.333333333333% - ( ( 4% + 4% ) * 0.33333333333333 ) );\"><div class=\"fusion-column-wrapper fusion-flex-column-wrapper-legacy\"><div class=\"fusion-image-element fusion-image-align-center in-legacy-container\" style=\"text-align:center;--awb-caption-title-font-family:var(--h2_typography-font-family);--awb-caption-title-font-weight:var(--h2_typography-font-weight);--awb-caption-title-font-style:var(--h2_typography-font-style);--awb-caption-title-size:var(--h2_typography-font-size);--awb-caption-title-transform:var(--h2_typography-text-transform);--awb-caption-title-line-height:var(--h2_typography-line-height);--awb-caption-title-letter-spacing:var(--h2_typography-letter-spacing);\"><div class=\"imageframe-align-center\"><span class=\" fusion-imageframe imageframe-dropshadow imageframe-4 hover-type-none\" style=\"-webkit-box-shadow: 3px 3px 7px rgba(0,0,0,0.3);box-shadow: 3px 3px 7px rgba(0,0,0,0.3);\"><a class=\"fusion-no-lightbox\" href=\"https:\/\/kugumuzik.com\/lyonhealy\/\" target=\"_self\" aria-label=\"Lyon&#038;Healy Arp\"><img decoding=\"async\" width=\"773\" height=\"1024\" alt=\"Lyon &amp; Healy\" src=\"https:\/\/kugumuzik.com\/wp-content\/uploads\/LyonHealy-Arp--773x1024.jpg\" class=\"img-responsive wp-image-10647\" srcset=\"https:\/\/kugumuzik.com\/eng\/wp-content\/uploads\/LyonHealy-Arp--200x265.jpg 200w, https:\/\/kugumuzik.com\/eng\/wp-content\/uploads\/LyonHealy-Arp--400x530.jpg 400w, https:\/\/kugumuzik.com\/eng\/wp-content\/uploads\/LyonHealy-Arp--600x795.jpg 600w, https:\/\/kugumuzik.com\/eng\/wp-content\/uploads\/LyonHealy-Arp--800x1059.jpg 800w, https:\/\/kugumuzik.com\/eng\/wp-content\/uploads\/LyonHealy-Arp--1200x1589.jpg 1200w, https:\/\/kugumuzik.com\/eng\/wp-content\/uploads\/LyonHealy-Arp-.jpg 1591w\" sizes=\"(max-width: 800px) 100vw, 400px\" \/><\/a><\/span><\/div><\/div><div class=\"fusion-text fusion-text-4\" style=\"--awb-text-transform:none;--awb-margin-top:10px;\"><p style=\"text-align: justify;\">American-made Lyon &amp; Healy has been praised around the world for its marvellously deep and clear sound quality, breathtaking designs and generations of craftsmanship. Swan Music is the distributor of Lyon &amp; Healy harps in Turkey.<\/p>\n<\/div><div class=\"fusion-clearfix\"><\/div><\/div><\/div><div class=\"fusion-layout-column fusion_builder_column fusion-builder-column-5 fusion_builder_column_1_3 1_3 fusion-one-third fusion-column-first\" style=\"--awb-bg-size:cover;width:33.333333333333%;width:calc(33.333333333333% - ( ( 4% + 4% ) * 0.33333333333333 ) );margin-right: 4%;\"><div class=\"fusion-column-wrapper fusion-flex-column-wrapper-legacy\"><div class=\"fusion-image-element fusion-image-align-center in-legacy-container\" style=\"text-align:center;--awb-caption-title-font-family:var(--h2_typography-font-family);--awb-caption-title-font-weight:var(--h2_typography-font-weight);--awb-caption-title-font-style:var(--h2_typography-font-style);--awb-caption-title-size:var(--h2_typography-font-size);--awb-caption-title-transform:var(--h2_typography-text-transform);--awb-caption-title-line-height:var(--h2_typography-line-height);--awb-caption-title-letter-spacing:var(--h2_typography-letter-spacing);\"><div class=\"imageframe-align-center\"><span class=\" fusion-imageframe imageframe-dropshadow imageframe-5 hover-type-none\" style=\"-webkit-box-shadow: 3px 3px 7px rgba(0,0,0,0.3);box-shadow: 3px 3px 7px rgba(0,0,0,0.3);\"><a class=\"fusion-no-lightbox\" href=\"https:\/\/kugumuzik.com\/salvi\/\" target=\"_self\" aria-label=\"Diva\"><img decoding=\"async\" width=\"560\" height=\"1024\" alt=\"Salvi\" src=\"https:\/\/kugumuzik.com\/wp-content\/uploads\/Diva-560x1024.jpg\" class=\"img-responsive wp-image-10648\" srcset=\"https:\/\/kugumuzik.com\/eng\/wp-content\/uploads\/Diva-200x366.jpg 200w, https:\/\/kugumuzik.com\/eng\/wp-content\/uploads\/Diva-400x732.jpg 400w, https:\/\/kugumuzik.com\/eng\/wp-content\/uploads\/Diva-600x1098.jpg 600w, https:\/\/kugumuzik.com\/eng\/wp-content\/uploads\/Diva-800x1464.jpg 800w, https:\/\/kugumuzik.com\/eng\/wp-content\/uploads\/Diva.jpg 1000w\" sizes=\"(max-width: 800px) 100vw, 400px\" \/><\/a><\/span><\/div><\/div><div class=\"fusion-text fusion-text-5\" style=\"--awb-text-transform:none;--awb-margin-top:10px;\"><p style=\"text-align: justify;\">Salvi, which produces with its extraordinary production technology and passionate, talented team, offers a unique sound quality. Italian-made Salvi Concert Harps, Student Level Pedal Harps, Pedal-less LEVER Harps also offer quality products. Swan Music is the distributor of Italian made Salvi harps in Turkey.<\/p>\n<\/div><div class=\"fusion-clearfix\"><\/div><\/div><\/div><div class=\"fusion-layout-column fusion_builder_column fusion-builder-column-6 fusion_builder_column_1_3 1_3 fusion-one-third\" style=\"--awb-bg-size:cover;width:33.333333333333%;width:calc(33.333333333333% - ( ( 4% + 4% ) * 0.33333333333333 ) );margin-right: 4%;\"><div class=\"fusion-column-wrapper fusion-flex-column-wrapper-legacy\"><div class=\"fusion-image-element fusion-image-align-center in-legacy-container\" style=\"text-align:center;--awb-caption-title-font-family:var(--h2_typography-font-family);--awb-caption-title-font-weight:var(--h2_typography-font-weight);--awb-caption-title-font-style:var(--h2_typography-font-style);--awb-caption-title-size:var(--h2_typography-font-size);--awb-caption-title-transform:var(--h2_typography-text-transform);--awb-caption-title-line-height:var(--h2_typography-line-height);--awb-caption-title-letter-spacing:var(--h2_typography-letter-spacing);\"><div class=\"imageframe-align-center\"><span class=\" fusion-imageframe imageframe-dropshadow imageframe-6 hover-type-none\" style=\"-webkit-box-shadow: 3px 3px 7px rgba(0,0,0,0.3);box-shadow: 3px 3px 7px rgba(0,0,0,0.3);\"><a class=\"fusion-no-lightbox\" href=\"https:\/\/kugumuzik.com\/resonance-arp\/\" target=\"_self\" aria-label=\"Enigma Gold\"><img decoding=\"async\" width=\"515\" height=\"1024\" alt=\"Resonans Arp\" src=\"https:\/\/kugumuzik.com\/wp-content\/uploads\/Enigma-Gold-515x1024.jpg\" class=\"img-responsive wp-image-10649\" srcset=\"https:\/\/kugumuzik.com\/eng\/wp-content\/uploads\/Enigma-Gold-200x398.jpg 200w, https:\/\/kugumuzik.com\/eng\/wp-content\/uploads\/Enigma-Gold-400x796.jpg 400w, https:\/\/kugumuzik.com\/eng\/wp-content\/uploads\/Enigma-Gold-600x1193.jpg 600w, https:\/\/kugumuzik.com\/eng\/wp-content\/uploads\/Enigma-Gold-800x1591.jpg 800w, https:\/\/kugumuzik.com\/eng\/wp-content\/uploads\/Enigma-Gold-1200x2387.jpg 1200w, https:\/\/kugumuzik.com\/eng\/wp-content\/uploads\/Enigma-Gold-scaled.jpg 1287w\" sizes=\"(max-width: 800px) 100vw, 400px\" \/><\/a><\/span><\/div><\/div><div class=\"fusion-text fusion-text-6\" style=\"--awb-text-transform:none;--awb-margin-top:10px;\"><p style=\"text-align: justify;\">Russian made RESONANCE Harps, specially made Concert harps and Student level Lever Harps are also considered as the best harps that can be bought in the price quality ratio. Swan Music is the only authorised representative of Resonance Harp brand in Turkey.<\/p>\n<\/div><div class=\"fusion-clearfix\"><\/div><\/div><\/div><div class=\"fusion-layout-column fusion_builder_column fusion-builder-column-7 fusion_builder_column_1_3 1_3 fusion-one-third fusion-column-last\" style=\"--awb-bg-size:cover;width:33.333333333333%;width:calc(33.333333333333% - ( ( 4% + 4% ) * 0.33333333333333 ) );\"><div class=\"fusion-column-wrapper fusion-flex-column-wrapper-legacy\"><div class=\"fusion-image-element fusion-image-align-center in-legacy-container\" style=\"text-align:center;--awb-caption-title-font-family:var(--h2_typography-font-family);--awb-caption-title-font-weight:var(--h2_typography-font-weight);--awb-caption-title-font-style:var(--h2_typography-font-style);--awb-caption-title-size:var(--h2_typography-font-size);--awb-caption-title-transform:var(--h2_typography-text-transform);--awb-caption-title-line-height:var(--h2_typography-line-height);--awb-caption-title-letter-spacing:var(--h2_typography-letter-spacing);\"><div class=\"imageframe-align-center\"><span class=\" fusion-imageframe imageframe-dropshadow imageframe-7 hover-type-none\" style=\"-webkit-box-shadow: 3px 3px 7px rgba(0,0,0,0.3);box-shadow: 3px 3px 7px rgba(0,0,0,0.3);\"><a class=\"fusion-no-lightbox\" href=\"https:\/\/kugumuzik.com\/bow-brand\/\" target=\"_self\" aria-label=\"bowbrand-arp-telleri-logo\"><img decoding=\"async\" width=\"225\" height=\"114\" alt=\"Bow Brand\" src=\"https:\/\/kugumuzik.com\/wp-content\/uploads\/bowbrand-arp-telleri-logo.webp\" class=\"img-responsive wp-image-9674\" srcset=\"https:\/\/kugumuzik.com\/eng\/wp-content\/uploads\/bowbrand-arp-telleri-logo-200x101.webp 200w, https:\/\/kugumuzik.com\/eng\/wp-content\/uploads\/bowbrand-arp-telleri-logo.webp 225w\" sizes=\"(max-width: 800px) 100vw, 225px\" \/><\/a><\/span><\/div><\/div><div class=\"fusion-text fusion-text-7\" style=\"--awb-text-transform:none;--awb-margin-top:10px;\"><p style=\"text-align: justify;\">The famous and best known quality Bow Brand Harp strings are at Swan Music. Ku\u011fu Music is the distributor of Bow Brand Harp strings in Turkey.<\/p>\n<\/div><div class=\"fusion-clearfix\"><\/div><\/div><\/div><\/div><\/div><\/p>\n","protected":false},"excerpt":{"rendered":"","protected":false},"author":3,"featured_media":0,"parent":0,"menu_order":0,"comment_status":"closed","ping_status":"closed","template":"100-width.php","meta":{"_joinchat":[],"footnotes":""},"class_list":["post-5036","page","type-page","status-publish","hentry"],"_links":{"self":[{"href":"https:\/\/kugumuzik.com\/eng\/wp-json\/wp\/v2\/pages\/5036","targetHints":{"allow":["GET"]}}],"collection":[{"href":"https:\/\/kugumuzik.com\/eng\/wp-json\/wp\/v2\/pages"}],"about":[{"href":"https:\/\/kugumuzik.com\/eng\/wp-json\/wp\/v2\/types\/page"}],"author":[{"embeddable":true,"href":"https:\/\/kugumuzik.com\/eng\/wp-json\/wp\/v2\/users\/3"}],"replies":[{"embeddable":true,"href":"https:\/\/kugumuzik.com\/eng\/wp-json\/wp\/v2\/comments?post=5036"}],"version-history":[{"count":25,"href":"https:\/\/kugumuzik.com\/eng\/wp-json\/wp\/v2\/pages\/5036\/revisions"}],"predecessor-version":[{"id":11430,"href":"https:\/\/kugumuzik.com\/eng\/wp-json\/wp\/v2\/pages\/5036\/revisions\/11430"}],"wp:attachment":[{"href":"https:\/\/kugumuzik.com\/eng\/wp-json\/wp\/v2\/media?parent=5036"}],"curies":[{"name":"wp","href":"https:\/\/api.w.org\/{rel}","templated":true}]}}