{"id":7704,"date":"2022-03-27T15:10:24","date_gmt":"2022-03-27T12:10:24","guid":{"rendered":"https:\/\/kugumuzik.com\/?page_id=7704"},"modified":"2024-03-11T18:16:35","modified_gmt":"2024-03-11T15:16:35","slug":"konserler","status":"publish","type":"page","link":"https:\/\/kugumuzik.com\/eng\/konserler\/","title":{"rendered":"Konserler"},"content":{"rendered":"<p><div class=\"fusion-fullwidth fullwidth-box fusion-builder-row-1 fusion-flex-container nonhundred-percent-fullwidth non-hundred-percent-height-scrolling\" style=\"--awb-border-radius-top-left:0px;--awb-border-radius-top-right:0px;--awb-border-radius-bottom-right:0px;--awb-border-radius-bottom-left:0px;--awb-flex-wrap:wrap;\" ><div class=\"fusion-builder-row fusion-row fusion-flex-align-items-flex-start fusion-flex-content-wrap\" style=\"max-width:1248px;margin-left: calc(-4% \/ 2 );margin-right: calc(-4% \/ 2 );\"><div class=\"fusion-layout-column fusion_builder_column fusion-builder-column-0 fusion_builder_column_1_1 1_1 fusion-flex-column\" style=\"--awb-bg-size:cover;--awb-width-large:100%;--awb-margin-top-large:0px;--awb-spacing-right-large:1.92%;--awb-margin-bottom-large:20px;--awb-spacing-left-large:1.92%;--awb-width-medium:100%;--awb-order-medium:0;--awb-spacing-right-medium:1.92%;--awb-spacing-left-medium:1.92%;--awb-width-small:100%;--awb-order-small:0;--awb-spacing-right-small:1.92%;--awb-spacing-left-small:1.92%;\"><div class=\"fusion-column-wrapper fusion-column-has-shadow fusion-flex-justify-content-flex-start fusion-content-layout-column\"><div class=\"fusion-text fusion-text-1\" style=\"--awb-text-transform:none;\"><div style=\"width: 1200px;\" class=\"wp-video\"><video class=\"wp-video-shortcode\" id=\"video-7704-1\" width=\"1200\" height=\"675\" loop autoplay preload=\"metadata\" controls=\"controls\"><source type=\"video\/mp4\" src=\"https:\/\/kiralama.kugumuzik.com\/wp-content\/uploads\/2022\/03\/Tchaikovsky-Melodie-Violin-Naz-Irem-Turkmen-Piano-Eren-Aydogan.mp4?_=1\" \/><a href=\"https:\/\/kiralama.kugumuzik.com\/wp-content\/uploads\/2022\/03\/Tchaikovsky-Melodie-Violin-Naz-Irem-Turkmen-Piano-Eren-Aydogan.mp4\">https:\/\/kiralama.kugumuzik.com\/wp-content\/uploads\/2022\/03\/Tchaikovsky-Melodie-Violin-Naz-Irem-Turkmen-Piano-Eren-Aydogan.mp4<\/a><\/video><\/div>\n<h1><a href=\"https:\/\/www.konser.kugumuzik.com\/\" target=\"_blank\" rel=\"noopener noreferrer\">Ku\u011fu M\u00fczik Konser Salonu<\/a><\/h1>\n<ul>\n<li>\u00d6zel konserler<\/li>\n<li>Caz konserleri<\/li>\n<li>Oda M\u00fczi\u011fi<\/li>\n<li>Barok M\u00fczik Konserlerine<\/li>\n<li>Kilise M\u00fczi\u011fi konserlerine<\/li>\n<\/ul>\n<p>En kaliteli Piyanolar, Arplar, Klavsenler ve Kilise Orgu ile sizlerle<\/p>\n<p><span style=\"color: #ff0000;\"><strong>Konser salonumuz Piyano, Arp, Klavsen, Klise Orgu ve di\u011fer enstr\u00fcmanlarla beraber veya enstr\u00fcmans\u0131z kiralan\u0131r.<\/strong><\/span><\/p>\n<ul>\n<li>Kiralama S\u00fcresi: 6 saat<\/li>\n<li>Ek S\u00fcre Kiralama \u00fccreti: Her saat i\u00e7in 1.000-TL+KDV eklenir.<\/li>\n<li>Kiralama \u00dccreti: 12.500-TL+KDV<\/li>\n<li>Kiralama yap\u0131ld\u0131\u011f\u0131nda Alman yap\u0131m\u0131 212 cm uzunlukta Kuyruklu Piyano da \u00fccretsiz kullan\u0131labilir.<\/li>\n<li>Piyanonu Akort i\u015flemi konser sahiplerince yapt\u0131r\u0131l\u0131r.<\/li>\n<li>Piyano d\u0131\u015f\u0131nda Arp, Klavsen, Kilise Orgu ve di\u011fer enstr\u00fcmanlar bir kira bedeli ile kullan\u0131labilir. Talep halinde Konser sonras\u0131 kokteyl ve s\u00f6yle\u015fi gibi ek d\u00fczenlemelerin \u00fccretleri ayr\u0131ca belirlenir.<\/li>\n<li>Kullan\u0131m ko\u015fullar\u0131 ve \u00fccretleri i\u00e7in ileti\u015fime ge\u00e7ebilirsiniz.<\/li>\n<li>Ku\u011fu M\u00fczik her konserde kendi logosunu Piyano ve sahnede kullan\u0131r.<\/li>\n<li>Konser an\u0131nda ve konser sonras\u0131 yap\u0131lan sosyal medya payla\u015f\u0131mlar\u0131nda Ku\u011fu M\u00fczik&#8217;e yer, salon ve enstr\u00fcmanlar deste\u011fi a\u00e7\u0131s\u0131ndan at\u0131fta bulunulmas\u0131 gereklidir.<\/li>\n<li>Konser salonu 80 ki\u015filiktir. Sandalyeler konser sandalyesi formundad\u0131r. 80 ki\u015fi d\u0131\u015f\u0131nda ek sandalye ve ayakta izleyici al\u0131nabilir. 30 adet ek sandalye deste\u011fi vard\u0131r.<\/li>\n<\/ul>\n<\/div><\/div><\/div><\/div><\/div><div class=\"fusion-fullwidth fullwidth-box fusion-builder-row-2 fusion-flex-container nonhundred-percent-fullwidth non-hundred-percent-height-scrolling\" style=\"--awb-border-radius-top-left:0px;--awb-border-radius-top-right:0px;--awb-border-radius-bottom-right:0px;--awb-border-radius-bottom-left:0px;--awb-flex-wrap:wrap;\" ><div class=\"fusion-builder-row fusion-row fusion-flex-align-items-flex-start fusion-flex-content-wrap\" style=\"max-width:1248px;margin-left: calc(-4% \/ 2 );margin-right: calc(-4% \/ 2 );\"><div class=\"fusion-layout-column fusion_builder_column fusion-builder-column-1 fusion_builder_column_1_3 1_3 fusion-flex-column\" style=\"--awb-bg-size:cover;--awb-width-large:33.333333333333%;--awb-margin-top-large:0px;--awb-spacing-right-large:5.76%;--awb-margin-bottom-large:20px;--awb-spacing-left-large:5.76%;--awb-width-medium:100%;--awb-order-medium:0;--awb-spacing-right-medium:1.92%;--awb-spacing-left-medium:1.92%;--awb-width-small:100%;--awb-order-small:0;--awb-spacing-right-small:1.92%;--awb-spacing-left-small:1.92%;\"><div class=\"fusion-column-wrapper fusion-column-has-shadow fusion-flex-justify-content-flex-start fusion-content-layout-column\"><div class=\"fusion-image-element \" style=\"text-align:center;--awb-caption-title-font-family:var(--h2_typography-font-family);--awb-caption-title-font-weight:var(--h2_typography-font-weight);--awb-caption-title-font-style:var(--h2_typography-font-style);--awb-caption-title-size:var(--h2_typography-font-size);--awb-caption-title-transform:var(--h2_typography-text-transform);--awb-caption-title-line-height:var(--h2_typography-line-height);--awb-caption-title-letter-spacing:var(--h2_typography-letter-spacing);\"><span class=\" fusion-imageframe imageframe-dropshadow imageframe-1 hover-type-none\" style=\"-webkit-box-shadow: 3px 3px 7px rgba(0,0,0,0.3);box-shadow: 3px 3px 7px rgba(0,0,0,0.3);\"><img decoding=\"async\" width=\"2560\" height=\"2102\" alt=\"Konser Salonu\" title=\"Konser Salonu\" src=\"https:\/\/piyano.kugumuzik.com\/wp-content\/uploads\/konser-salonu-1.jpg\" class=\"img-responsive wp-image-8377\" srcset=\"https:\/\/kugumuzik.com\/eng\/wp-content\/uploads\/konser-salonu-1-200x164.jpg 200w, https:\/\/kugumuzik.com\/eng\/wp-content\/uploads\/konser-salonu-1-400x328.jpg 400w, https:\/\/kugumuzik.com\/eng\/wp-content\/uploads\/konser-salonu-1-600x493.jpg 600w, https:\/\/kugumuzik.com\/eng\/wp-content\/uploads\/konser-salonu-1-800x657.jpg 800w, https:\/\/kugumuzik.com\/eng\/wp-content\/uploads\/konser-salonu-1-1200x985.jpg 1200w, https:\/\/kugumuzik.com\/eng\/wp-content\/uploads\/konser-salonu-1.jpg 2560w\" sizes=\"(max-width: 1024px) 100vw, (max-width: 640px) 100vw, 400px\" \/><\/span><\/div><\/div><\/div><div class=\"fusion-layout-column fusion_builder_column fusion-builder-column-2 fusion_builder_column_1_3 1_3 fusion-flex-column\" style=\"--awb-bg-size:cover;--awb-width-large:33.333333333333%;--awb-margin-top-large:0px;--awb-spacing-right-large:5.76%;--awb-margin-bottom-large:20px;--awb-spacing-left-large:5.76%;--awb-width-medium:100%;--awb-order-medium:0;--awb-spacing-right-medium:1.92%;--awb-spacing-left-medium:1.92%;--awb-width-small:100%;--awb-order-small:0;--awb-spacing-right-small:1.92%;--awb-spacing-left-small:1.92%;\"><div class=\"fusion-column-wrapper fusion-column-has-shadow fusion-flex-justify-content-flex-start fusion-content-layout-column\"><div class=\"fusion-image-element \" style=\"text-align:center;--awb-caption-title-font-family:var(--h2_typography-font-family);--awb-caption-title-font-weight:var(--h2_typography-font-weight);--awb-caption-title-font-style:var(--h2_typography-font-style);--awb-caption-title-size:var(--h2_typography-font-size);--awb-caption-title-transform:var(--h2_typography-text-transform);--awb-caption-title-line-height:var(--h2_typography-line-height);--awb-caption-title-letter-spacing:var(--h2_typography-letter-spacing);\"><span class=\" fusion-imageframe imageframe-dropshadow imageframe-2 hover-type-none\" style=\"-webkit-box-shadow: 3px 3px 7px rgba(0,0,0,0.3);box-shadow: 3px 3px 7px rgba(0,0,0,0.3);\"><img decoding=\"async\" width=\"2048\" height=\"1536\" alt=\"Konser Salonu Sahne\" title=\"Konser Salonu Sahne\" src=\"https:\/\/piyano.kugumuzik.com\/wp-content\/uploads\/konser-salonu-2.jpeg\" class=\"img-responsive wp-image-8378\" srcset=\"https:\/\/kugumuzik.com\/eng\/wp-content\/uploads\/konser-salonu-2-200x150.jpeg 200w, https:\/\/kugumuzik.com\/eng\/wp-content\/uploads\/konser-salonu-2-400x300.jpeg 400w, https:\/\/kugumuzik.com\/eng\/wp-content\/uploads\/konser-salonu-2-600x450.jpeg 600w, https:\/\/kugumuzik.com\/eng\/wp-content\/uploads\/konser-salonu-2-800x600.jpeg 800w, https:\/\/kugumuzik.com\/eng\/wp-content\/uploads\/konser-salonu-2-1200x900.jpeg 1200w, https:\/\/kugumuzik.com\/eng\/wp-content\/uploads\/konser-salonu-2.jpeg 2048w\" sizes=\"(max-width: 1024px) 100vw, (max-width: 640px) 100vw, 400px\" \/><\/span><\/div><\/div><\/div><div class=\"fusion-layout-column fusion_builder_column fusion-builder-column-3 fusion_builder_column_1_3 1_3 fusion-flex-column\" style=\"--awb-bg-size:cover;--awb-width-large:33.333333333333%;--awb-margin-top-large:0px;--awb-spacing-right-large:5.76%;--awb-margin-bottom-large:20px;--awb-spacing-left-large:5.76%;--awb-width-medium:100%;--awb-order-medium:0;--awb-spacing-right-medium:1.92%;--awb-spacing-left-medium:1.92%;--awb-width-small:100%;--awb-order-small:0;--awb-spacing-right-small:1.92%;--awb-spacing-left-small:1.92%;\"><div class=\"fusion-column-wrapper fusion-column-has-shadow fusion-flex-justify-content-flex-start fusion-content-layout-column\"><div class=\"fusion-image-element \" style=\"text-align:center;--awb-caption-title-font-family:var(--h2_typography-font-family);--awb-caption-title-font-weight:var(--h2_typography-font-weight);--awb-caption-title-font-style:var(--h2_typography-font-style);--awb-caption-title-size:var(--h2_typography-font-size);--awb-caption-title-transform:var(--h2_typography-text-transform);--awb-caption-title-line-height:var(--h2_typography-line-height);--awb-caption-title-letter-spacing:var(--h2_typography-letter-spacing);\"><span class=\" fusion-imageframe imageframe-dropshadow imageframe-3 hover-type-none\" style=\"-webkit-box-shadow: 3px 3px 7px rgba(0,0,0,0.3);box-shadow: 3px 3px 7px rgba(0,0,0,0.3);\"><img decoding=\"async\" width=\"1536\" height=\"2048\" alt=\"Konser Salonu Sahnesi\" title=\"Konser Salonu Sahnesi\" src=\"https:\/\/piyano.kugumuzik.com\/wp-content\/uploads\/konser-salonu-3.jpeg\" class=\"img-responsive wp-image-8379\" srcset=\"https:\/\/kugumuzik.com\/eng\/wp-content\/uploads\/konser-salonu-3-200x267.jpeg 200w, https:\/\/kugumuzik.com\/eng\/wp-content\/uploads\/konser-salonu-3-400x533.jpeg 400w, https:\/\/kugumuzik.com\/eng\/wp-content\/uploads\/konser-salonu-3-600x800.jpeg 600w, https:\/\/kugumuzik.com\/eng\/wp-content\/uploads\/konser-salonu-3-800x1067.jpeg 800w, https:\/\/kugumuzik.com\/eng\/wp-content\/uploads\/konser-salonu-3-1200x1600.jpeg 1200w, https:\/\/kugumuzik.com\/eng\/wp-content\/uploads\/konser-salonu-3.jpeg 1536w\" sizes=\"(max-width: 1024px) 100vw, (max-width: 640px) 100vw, 400px\" \/><\/span><\/div><\/div><\/div><\/div><\/div><\/p>\n","protected":false},"excerpt":{"rendered":"","protected":false},"author":3,"featured_media":0,"parent":0,"menu_order":0,"comment_status":"closed","ping_status":"closed","template":"","meta":{"_joinchat":[],"footnotes":""},"class_list":["post-7704","page","type-page","status-publish","hentry"],"_links":{"self":[{"href":"https:\/\/kugumuzik.com\/eng\/wp-json\/wp\/v2\/pages\/7704","targetHints":{"allow":["GET"]}}],"collection":[{"href":"https:\/\/kugumuzik.com\/eng\/wp-json\/wp\/v2\/pages"}],"about":[{"href":"https:\/\/kugumuzik.com\/eng\/wp-json\/wp\/v2\/types\/page"}],"author":[{"embeddable":true,"href":"https:\/\/kugumuzik.com\/eng\/wp-json\/wp\/v2\/users\/3"}],"replies":[{"embeddable":true,"href":"https:\/\/kugumuzik.com\/eng\/wp-json\/wp\/v2\/comments?post=7704"}],"version-history":[{"count":9,"href":"https:\/\/kugumuzik.com\/eng\/wp-json\/wp\/v2\/pages\/7704\/revisions"}],"predecessor-version":[{"id":10905,"href":"https:\/\/kugumuzik.com\/eng\/wp-json\/wp\/v2\/pages\/7704\/revisions\/10905"}],"wp:attachment":[{"href":"https:\/\/kugumuzik.com\/eng\/wp-json\/wp\/v2\/media?parent=7704"}],"curies":[{"name":"wp","href":"https:\/\/api.w.org\/{rel}","templated":true}]}}