{"id":8253,"date":"2022-04-16T23:04:07","date_gmt":"2022-04-16T20:04:07","guid":{"rendered":"https:\/\/kugumuzik.com\/?page_id=8253"},"modified":"2025-03-12T20:00:53","modified_gmt":"2025-03-12T17:00:53","slug":"white-pianos","status":"publish","type":"page","link":"https:\/\/kugumuzik.com\/eng\/white-pianos\/","title":{"rendered":"White Pianos"},"content":{"rendered":"<p><div class=\"fusion-fullwidth fullwidth-box fusion-builder-row-1 nonhundred-percent-fullwidth non-hundred-percent-height-scrolling\" style=\"--awb-border-radius-top-left:0px;--awb-border-radius-top-right:0px;--awb-border-radius-bottom-right:0px;--awb-border-radius-bottom-left:0px;--awb-flex-wrap:wrap;\" ><div class=\"fusion-builder-row fusion-row\"><div class=\"fusion-layout-column fusion_builder_column fusion-builder-column-0 fusion_builder_column_1_1 1_1 fusion-one-full fusion-column-first fusion-column-last fusion-animated\" style=\"--awb-bg-size:cover;\" data-animationType=\"rubberBand\" data-animationDuration=\"0.3\" data-animationOffset=\"top-into-view\"><div class=\"fusion-column-wrapper fusion-flex-column-wrapper-legacy\"><div class=\"fusion-image-element in-legacy-container\" style=\"--awb-caption-title-font-family:var(--h2_typography-font-family);--awb-caption-title-font-weight:var(--h2_typography-font-weight);--awb-caption-title-font-style:var(--h2_typography-font-style);--awb-caption-title-size:var(--h2_typography-font-size);--awb-caption-title-transform:var(--h2_typography-text-transform);--awb-caption-title-line-height:var(--h2_typography-line-height);--awb-caption-title-letter-spacing:var(--h2_typography-letter-spacing);\"><span class=\" fusion-imageframe imageframe-none imageframe-1 hover-type-none\"><img decoding=\"async\" width=\"1024\" height=\"533\" alt=\"Beyaz Fazioli Piyano\" title=\"Beyaz Piyano\" src=\"https:\/\/piyano.kugumuzik.com\/wp-content\/uploads\/Beyaz.jpg\" class=\"img-responsive wp-image-8254\" srcset=\"https:\/\/kugumuzik.com\/eng\/wp-content\/uploads\/Beyaz-200x104.jpg 200w, https:\/\/kugumuzik.com\/eng\/wp-content\/uploads\/Beyaz-400x208.jpg 400w, https:\/\/kugumuzik.com\/eng\/wp-content\/uploads\/Beyaz-600x312.jpg 600w, https:\/\/kugumuzik.com\/eng\/wp-content\/uploads\/Beyaz-800x416.jpg 800w, https:\/\/kugumuzik.com\/eng\/wp-content\/uploads\/Beyaz.jpg 1024w\" sizes=\"(max-width: 800px) 100vw, 1024px\" \/><\/span><\/div><div class=\"fusion-title title fusion-title-1 fusion-sep-none fusion-title-center fusion-title-text fusion-title-size-one\" style=\"--awb-margin-top-small:10px;--awb-margin-right-small:0px;--awb-margin-bottom-small:10px;--awb-margin-left-small:0px;\"><h1 class=\"fusion-title-heading title-heading-center\" style=\"margin:0;\"><p>Beyaz Piyanolar<\/p>\n<h3><strong>&#8220;Beyaz Her Yere Yak\u0131\u015f\u0131r!&#8230;&#8221;<\/strong><\/h3><\/h1><\/div><div class=\"fusion-text fusion-text-1\"><h3>D\u00fcnyan\u0131n b\u00fcy\u00fck konser salonlar\u0131n\u0131n kuyruklu konser piyanolar\u0131n\u0131 markadan ba\u011f\u0131ms\u0131z olarak geleneksel abanoz &#8211; siyah renkte tercih ettikleri do\u011frudur. Ancak gelenek burada sona erer ve kalitenin yan\u0131nda renk zevki de i\u015fe kar\u0131\u015f\u0131r.<\/h3>\n<h3>Oturma odalar\u0131nda ve okullar\u0131n salonlar\u0131nda, siyah duvar piyanolar\u0131 ile beraber ev ve e\u015fya yerle\u015fim ve rengine uyumlu tipik kahverengi k\u00fc\u00e7\u00fck duvar piyanolar\u0131 tercih edildi\u011fi de do\u011frudur. Bu tekd\u00fczelik \u00fcnl\u00fc piyano markalar\u0131n\u0131n kitlesel \u00fcretiminin ekonomik sonucu oldu.<\/h3>\n<h3>Ancak ayn\u0131 zamanda, dekor, estetik ve g\u00fczelli\u011fin simgesi olan beyaz piyanolar sonsuza kadar saf esteti\u011fi temsil edecektir.<\/h3>\n<h3>Beyaz piyanolar, g\u00f6rsel ve estetik duyular\u0131n\u0131 al\u0131\u015f\u0131lmad\u0131k, yarat\u0131c\u0131 ve dramatik bir bi\u00e7imde uyararak insanlar \u00fczerinde bir t\u00fcr b\u00fcy\u00fcl\u00fc etki yaratm\u0131\u015ft\u0131r.<\/h3>\n<h3>G\u00fcn\u00fcm\u00fcz\u00fcn \u00e7a\u011fda\u015f evleri genellikle sade ve havadar olmalar\u0131 i\u00e7in tasarlanm\u0131\u015ft\u0131r. Bazen bir alan i\u00e7in en mant\u0131kl\u0131 se\u00e7im beyaz bir piyanodur.<\/h3>\n<\/div><div class=\"fusion-clearfix\"><\/div><\/div><\/div><\/div><\/div><div class=\"fusion-fullwidth fullwidth-box fusion-builder-row-2 nonhundred-percent-fullwidth non-hundred-percent-height-scrolling\" style=\"--awb-border-radius-top-left:0px;--awb-border-radius-top-right:0px;--awb-border-radius-bottom-right:0px;--awb-border-radius-bottom-left:0px;--awb-flex-wrap:wrap;\" ><div class=\"fusion-builder-row fusion-row\"><div class=\"fusion-layout-column fusion_builder_column fusion-builder-column-1 fusion_builder_column_2_3 2_3 fusion-two-third fusion-column-first fusion-animated\" style=\"--awb-bg-size:cover;width:66.666666666667%;width:calc(66.666666666667% - ( ( 4% ) * 0.66666666666667 ) );margin-right: 4%;\" data-animationType=\"slideInRight\" data-animationDuration=\"0.5\" data-animationOffset=\"top-into-view\"><div class=\"fusion-column-wrapper fusion-flex-column-wrapper-legacy\"><div class=\"fusion-image-element fusion-image-align-center in-legacy-container\" style=\"text-align:center;--awb-caption-title-font-family:var(--h2_typography-font-family);--awb-caption-title-font-weight:var(--h2_typography-font-weight);--awb-caption-title-font-style:var(--h2_typography-font-style);--awb-caption-title-size:var(--h2_typography-font-size);--awb-caption-title-transform:var(--h2_typography-text-transform);--awb-caption-title-line-height:var(--h2_typography-line-height);--awb-caption-title-letter-spacing:var(--h2_typography-letter-spacing);\"><div class=\"imageframe-align-center\"><span class=\" fusion-imageframe imageframe-none imageframe-2 hover-type-none\"><img decoding=\"async\" width=\"700\" height=\"560\" alt=\"FAZIOLI - F212\" title=\"Fazioli Beyaz Piyano F212\" src=\"https:\/\/piyano.kugumuzik.com\/wp-content\/uploads\/Fazioli-F212.png\" class=\"img-responsive wp-image-8255\" srcset=\"https:\/\/kugumuzik.com\/eng\/wp-content\/uploads\/Fazioli-F212-200x160.png 200w, https:\/\/kugumuzik.com\/eng\/wp-content\/uploads\/Fazioli-F212-400x320.png 400w, https:\/\/kugumuzik.com\/eng\/wp-content\/uploads\/Fazioli-F212-600x480.png 600w, https:\/\/kugumuzik.com\/eng\/wp-content\/uploads\/Fazioli-F212.png 700w\" sizes=\"(max-width: 800px) 100vw, 700px\" \/><\/span><\/div><\/div><div class=\"fusion-clearfix\"><\/div><\/div><\/div><div class=\"fusion-layout-column fusion_builder_column fusion-builder-column-2 fusion_builder_column_1_3 1_3 fusion-one-third fusion-column-last fusion-animated\" style=\"--awb-bg-size:cover;width:33.333333333333%;width:calc(33.333333333333% - ( ( 4% ) * 0.33333333333333 ) );\" data-animationType=\"slideInLeft\" data-animationDuration=\"0.5\" data-animationOffset=\"top-into-view\"><div class=\"fusion-column-wrapper fusion-flex-column-wrapper-legacy\"><div class=\"fusion-title title fusion-title-2 fusion-sep-none fusion-title-text fusion-title-size-one\" style=\"--awb-margin-top-small:10px;--awb-margin-right-small:0px;--awb-margin-bottom-small:10px;--awb-margin-left-small:0px;\"><h1 class=\"fusion-title-heading title-heading-left\" style=\"margin:0;\"><p>F212<\/p>\n<p>FAZIOLI<\/p><\/h1><\/div><div class=\"fusion-text fusion-text-2\"><h3>F212 performanslar ve e\u011fitim alanlar\u0131nda kullan\u0131ld\u0131\u011f\u0131 gibi orta boyuttaki konser salonlar\u0131 i\u00e7inde d\u00fcnya \u00e7ap\u0131nda klasikle\u015fmi\u015f \u00f6l\u00e7\u00fclere sahiptir.<br \/>\nBas, tiz ve geni\u015f ses aral\u0131\u011f\u0131 ile yaratt\u0131\u011f\u0131 m\u00fckemmel denge, onu kay\u0131t st\u00fcdyolar\u0131 i\u00e7in e\u015fsiz bir uygunlukta k\u0131lmaktad\u0131r.<\/h3>\n<\/div><div class=\"fusion-sep-clear\"><\/div><div class=\"fusion-separator fusion-full-width-sep\" style=\"margin-left: auto;margin-right: auto;margin-bottom:10px;width:100%;\"><div class=\"fusion-separator-border sep-single sep-solid\" style=\"--awb-height:20px;--awb-amount:20px;border-color:#e0dede;border-top-width:1px;\"><\/div><\/div><div class=\"fusion-sep-clear\"><\/div><div class=\"fusion-button-wrapper fusion-aligncenter\"><a class=\"fusion-button button-3d button-large button-custom fusion-button-default button-1 fusion-button-default-span \" style=\"--button_bevel_color:#000000;--button_accent_color:#000000;--button_border_color:#000000;--button_accent_hover_color:#105378;--button_border_hover_color:#105378;--button_border_width-top:1px;--button_border_width-right:1px;--button_border_width-bottom:1px;--button_border_width-left:1px;--button_gradient_top_color:#ffffff;--button_gradient_bottom_color:#ffffff;--button_gradient_top_color_hover:#ffffff;--button_gradient_bottom_color_hover:#ffffff;\" target=\"_self\" href=\"https:\/\/kugumuzik.com\/beyaz-piyanolar\/fazioli-f212-beyaz\/\"><span class=\"fusion-button-text awb-button__text awb-button__text--default\">Ayr\u0131nt\u0131l\u0131 Bilgi<\/span><\/a><\/div><div class=\"fusion-clearfix\"><\/div><\/div><\/div><\/div><\/div><div class=\"fusion-fullwidth fullwidth-box fusion-builder-row-3 nonhundred-percent-fullwidth non-hundred-percent-height-scrolling\" style=\"--awb-border-radius-top-left:0px;--awb-border-radius-top-right:0px;--awb-border-radius-bottom-right:0px;--awb-border-radius-bottom-left:0px;--awb-flex-wrap:wrap;\" ><div class=\"fusion-builder-row fusion-row\"><div class=\"fusion-layout-column fusion_builder_column fusion-builder-column-3 fusion_builder_column_2_3 2_3 fusion-two-third fusion-column-first fusion-animated\" style=\"--awb-bg-size:cover;width:66.666666666667%;width:calc(66.666666666667% - ( ( 4% ) * 0.66666666666667 ) );margin-right: 4%;\" data-animationType=\"slideInLeft\" data-animationDuration=\"0.5\" data-animationOffset=\"top-into-view\"><div class=\"fusion-column-wrapper fusion-flex-column-wrapper-legacy\"><div class=\"fusion-image-element fusion-image-align-center in-legacy-container\" style=\"text-align:center;--awb-caption-title-font-family:var(--h2_typography-font-family);--awb-caption-title-font-weight:var(--h2_typography-font-weight);--awb-caption-title-font-style:var(--h2_typography-font-style);--awb-caption-title-size:var(--h2_typography-font-size);--awb-caption-title-transform:var(--h2_typography-text-transform);--awb-caption-title-line-height:var(--h2_typography-line-height);--awb-caption-title-letter-spacing:var(--h2_typography-letter-spacing);\"><div class=\"imageframe-align-center\"><span class=\" fusion-imageframe imageframe-none imageframe-3 hover-type-none\"><img decoding=\"async\" width=\"700\" height=\"560\" alt=\"FAZIOLI-Butterfly\" title=\"Fazioli Butterfly\" src=\"https:\/\/piyano.kugumuzik.com\/wp-content\/uploads\/Fazioli-Butterfly.jpg\" class=\"img-responsive wp-image-8256\" srcset=\"https:\/\/kugumuzik.com\/eng\/wp-content\/uploads\/Fazioli-Butterfly-200x160.jpg 200w, https:\/\/kugumuzik.com\/eng\/wp-content\/uploads\/Fazioli-Butterfly-400x320.jpg 400w, https:\/\/kugumuzik.com\/eng\/wp-content\/uploads\/Fazioli-Butterfly-600x480.jpg 600w, https:\/\/kugumuzik.com\/eng\/wp-content\/uploads\/Fazioli-Butterfly.jpg 700w\" sizes=\"(max-width: 800px) 100vw, 700px\" \/><\/span><\/div><\/div><div class=\"fusion-clearfix\"><\/div><\/div><\/div><div class=\"fusion-layout-column fusion_builder_column fusion-builder-column-4 fusion_builder_column_1_3 1_3 fusion-one-third fusion-column-last fusion-animated\" style=\"--awb-bg-size:cover;width:33.333333333333%;width:calc(33.333333333333% - ( ( 4% ) * 0.33333333333333 ) );\" data-animationType=\"slideInRight\" data-animationDuration=\"0.5\" data-animationOffset=\"top-into-view\"><div class=\"fusion-column-wrapper fusion-flex-column-wrapper-legacy\"><div class=\"fusion-title title fusion-title-3 fusion-sep-none fusion-title-text fusion-title-size-one\" style=\"--awb-margin-top-small:10px;--awb-margin-right-small:0px;--awb-margin-bottom-small:10px;--awb-margin-left-small:0px;\"><h1 class=\"fusion-title-heading title-heading-left\" style=\"margin:0;\"><p>BUTTERFLY<\/p>\n<p>FAZIOLI<\/p><\/h1><\/div><div class=\"fusion-text fusion-text-3\"><h3>Fazioli ile Westbank&#8217;in \u00e7al\u0131\u015fmalar\u0131 sonucunda ortaya \u00e7\u0131kan The Butterfly modeli antik ve prestijli marangozluk gelenekleri ile tan\u0131nan \u0130talya&#8217;n\u0131n Sacile kentinde \u00fcretilmi\u015ftir. Fazioli 1981 y\u0131l\u0131nda m\u00fchendis ve piyanist Paolo Fazioli taraf\u0131ndan kurulmu\u015ftur. Fazioli, piyanolar\u0131n m\u00fckemmelli\u011fi garanti eden bir \u015firket felsefesini izler.<\/h3>\n<\/div><div class=\"fusion-sep-clear\"><\/div><div class=\"fusion-separator fusion-full-width-sep\" style=\"margin-left: auto;margin-right: auto;margin-bottom:10px;width:100%;\"><div class=\"fusion-separator-border sep-single sep-solid\" style=\"--awb-height:20px;--awb-amount:20px;border-color:#e0dede;border-top-width:1px;\"><\/div><\/div><div class=\"fusion-sep-clear\"><\/div><div class=\"fusion-button-wrapper fusion-aligncenter\"><a class=\"fusion-button button-3d button-large button-custom fusion-button-default button-2 fusion-button-default-span \" style=\"--button_bevel_color:#000000;--button_accent_color:#000000;--button_border_color:#000000;--button_accent_hover_color:#105378;--button_border_hover_color:#105378;--button_border_width-top:1px;--button_border_width-right:1px;--button_border_width-bottom:1px;--button_border_width-left:1px;--button_gradient_top_color:#ffffff;--button_gradient_bottom_color:#ffffff;--button_gradient_top_color_hover:#ffffff;--button_gradient_bottom_color_hover:#ffffff;\" target=\"_self\" href=\"https:\/\/kugumuzik.com\/beyaz-piyanolar\/fazioli-butterfly-2\/\"><span class=\"fusion-button-text awb-button__text awb-button__text--default\">Ayr\u0131nt\u0131l\u0131 Bilgi<\/span><\/a><\/div><div class=\"fusion-clearfix\"><\/div><\/div><\/div><\/div><\/div><\/p>\n","protected":false},"excerpt":{"rendered":"","protected":false},"author":3,"featured_media":0,"parent":0,"menu_order":0,"comment_status":"closed","ping_status":"closed","template":"","meta":{"_joinchat":[],"footnotes":""},"class_list":["post-8253","page","type-page","status-publish","hentry"],"_links":{"self":[{"href":"https:\/\/kugumuzik.com\/eng\/wp-json\/wp\/v2\/pages\/8253","targetHints":{"allow":["GET"]}}],"collection":[{"href":"https:\/\/kugumuzik.com\/eng\/wp-json\/wp\/v2\/pages"}],"about":[{"href":"https:\/\/kugumuzik.com\/eng\/wp-json\/wp\/v2\/types\/page"}],"author":[{"embeddable":true,"href":"https:\/\/kugumuzik.com\/eng\/wp-json\/wp\/v2\/users\/3"}],"replies":[{"embeddable":true,"href":"https:\/\/kugumuzik.com\/eng\/wp-json\/wp\/v2\/comments?post=8253"}],"version-history":[{"count":8,"href":"https:\/\/kugumuzik.com\/eng\/wp-json\/wp\/v2\/pages\/8253\/revisions"}],"predecessor-version":[{"id":11615,"href":"https:\/\/kugumuzik.com\/eng\/wp-json\/wp\/v2\/pages\/8253\/revisions\/11615"}],"wp:attachment":[{"href":"https:\/\/kugumuzik.com\/eng\/wp-json\/wp\/v2\/media?parent=8253"}],"curies":[{"name":"wp","href":"https:\/\/api.w.org\/{rel}","templated":true}]}}